{"id":613,"date":"2019-10-11T20:42:08","date_gmt":"2019-10-11T18:42:08","guid":{"rendered":"https:\/\/busconaranjas.com\/qui-sommes-nous\/"},"modified":"2019-11-01T08:50:51","modified_gmt":"2019-11-01T07:50:51","slug":"qui-sommes-nous","status":"publish","type":"page","link":"https:\/\/busconaranjas.com\/fr\/qui-sommes-nous\/","title":{"rendered":"Qui sommes nous"},"content":{"rendered":"<div id='full_slider_1'  class='avia-fullwidth-slider main_color avia-shadow   avia-builder-el-0  el_before_av_one_half  avia-builder-el-first   container_wrap fullsize'  ><div   data-size='entry_without_sidebar'  data-lightbox_size='large'  data-animation='fade'  data-conditional_play=''  data-ids='309'  data-video_counter='0'  data-autoplay='false'  data-bg_slider='false'  data-slide_height=''  data-handle='av_slideshow_full'  data-interval='5'  data-class=' '  data-el_id=''  data-css_id=''  data-scroll_down=''  data-control_layout='av-control-hidden'  data-custom_markup=''  data-perma_caption=''  data-autoplay_stopper=''  data-image_attachment=''  data-min_height='0px'  data-lazy_loading='disabled'  data-src=''  data-position='top left'  data-repeat='no-repeat'  data-attach='scroll'  data-stretch=''  data-img_scrset=''  data-default-height='34.95867768595'  class='avia-slideshow avia-slideshow-1  av-control-hidden av-default-height-applied avia-slideshow-entry_without_sidebar av_slideshow_full   avia-fade-slider '  itemprop=\"image\" itemscope=\"itemscope\" itemtype=\"https:\/\/schema.org\/ImageObject\" ><ul class='avia-slideshow-inner ' style='padding-bottom: 28.925619834711%;' ><li  class=' av-single-slide slide-1 ' ><div data-rel='slideshow-1' class='avia-slide-wrap '   ><div class = \"caption_fullwidth av-slideshow-caption caption_center caption_center_framed caption_framed\"><div class = \"container caption_container\"><div class = \"slideshow_caption\"><div class = \"slideshow_inner_caption\"><div class = \"slideshow_align_caption\"><h2  style='color:#ffffff; ' class='avia-caption-title  '  itemprop=\"name\" >Qui sommes nous<\/h2><div class='avia-caption-content  '  itemprop=\"description\"  ><p>Qu&rsquo;est-ce que BUSCONARANJAS?<\/p>\n<\/div><\/div><\/div><\/div><\/div><\/div><img class=\"wp-image-381 avia-img-lazy-loading-not-381\"  src='https:\/\/busconaranjas.com\/wp-content\/uploads\/2019\/08\/busconaranjas-fondo2-1210x350.jpg' width='1210' height='350' title='busconaranjas-fondo2' alt=''  itemprop=\"thumbnailUrl\"   \/><\/div><\/li><\/ul><\/div><\/div><div id='after_full_slider_1'  class='main_color av_default_container_wrap container_wrap fullsize'  ><div class='container av-section-cont-open' ><div class='template-page content  av-content-full alpha units'><div class='post-entry post-entry-type-page post-entry-613'><div class='entry-content-wrapper clearfix'>\n\n<style type=\"text\/css\" data-created_by=\"avia_inline_auto\" id=\"style-css-av-1n6m2-148abb095d26ea2b5586ef657279f711\">\n.flex_column.av-1n6m2-148abb095d26ea2b5586ef657279f711{\nborder-radius:0px 0px 0px 0px;\n-webkit-border-radius:0px 0px 0px 0px;\n-moz-border-radius:0px 0px 0px 0px;\n}\n<\/style>\n<div class='flex_column av-1n6m2-148abb095d26ea2b5586ef657279f711 av_one_half  avia-builder-el-1  el_after_av_slideshow_full  el_before_av_one_half  avia-builder-el-first  first flex_column_div av-zero-column-padding '   ><section class=\"av_textblock_section \"  itemscope=\"itemscope\" itemtype=\"https:\/\/schema.org\/CreativeWork\" ><div class='avia_textblock  '   itemprop=\"text\" ><p>Busconaranjas est n\u00e9 avant la n\u00e9cessit\u00e9 de professionnaliser les op\u00e9rations d&rsquo;achat et de vente et de rapprocher l&rsquo;offre et la demande, garantissant ainsi le succ\u00e8s des relations commerciales.<\/p>\n<p>Busconaranjas est un projet qui associe des agriculteurs, des agents commerciaux, des distributeurs, des distributeurs et des clients finaux, facilitant ainsi les op\u00e9rations d\u2019achat et de vente dans le secteur agricole.<\/p>\n<\/div><\/section><\/div>\n<style type=\"text\/css\" data-created_by=\"avia_inline_auto\" id=\"style-css-av-arb42-84c8fd7ce467c7f14ba9cb016c47f089\">\n.flex_column.av-arb42-84c8fd7ce467c7f14ba9cb016c47f089{\nborder-radius:0px 0px 0px 0px;\n-webkit-border-radius:0px 0px 0px 0px;\n-moz-border-radius:0px 0px 0px 0px;\n}\n<\/style>\n<div class='flex_column av-arb42-84c8fd7ce467c7f14ba9cb016c47f089 av_one_half  avia-builder-el-3  el_after_av_one_half  el_before_av_section  avia-builder-el-last  flex_column_div av-zero-column-padding '   ><section class=\"av_textblock_section \"  itemscope=\"itemscope\" itemtype=\"https:\/\/schema.org\/CreativeWork\" ><div class='avia_textblock  '   itemprop=\"text\" ><p>Busconaranjas dispose d\u2019une \u00e9quipe d\u2019agronomes professionnels, d\u2019ing\u00e9nieurs commerciaux, d\u2019experts linguistiques et commerciaux, de techniciens qualit\u00e9, de personnel d\u2019informatique et d\u2019administration et de personnel de service qui garantit les transactions commerciales dans les meilleurs d\u00e9lais et de la mani\u00e8re la plus s\u00fbre.<\/p>\n<\/div><\/section><\/div><\/p>\n<\/div><\/div><\/div><!-- close content main div --><\/div><\/div>\n<style type=\"text\/css\" data-created_by=\"avia_inline_auto\" id=\"style-css-av-jzdvyiyh-588688fdec9ec8dac80907fcc23a7acc\">\n.avia-section.av-jzdvyiyh-588688fdec9ec8dac80907fcc23a7acc{\nbackground-color:#e8e8e8;\n}\n<\/style>\n<div id='av_section_1'  class='avia-section av-jzdvyiyh-588688fdec9ec8dac80907fcc23a7acc main_color avia-section-default avia-no-border-styling  avia-builder-el-5  el_after_av_one_half  avia-builder-el-last  avia-bg-style-scroll  container_wrap fullsize'  ><div class='container av-section-cont-open' ><div class='template-page content  av-content-full alpha units'><div class='post-entry post-entry-type-page post-entry-613'><div class='entry-content-wrapper clearfix'>\n\n<style type=\"text\/css\" data-created_by=\"avia_inline_auto\" id=\"style-css-av-5vkq2-6da9d85741a9a16154095ffe436cf221\">\n.flex_column.av-5vkq2-6da9d85741a9a16154095ffe436cf221{\nborder-radius:0px 0px 0px 0px;\n-webkit-border-radius:0px 0px 0px 0px;\n-moz-border-radius:0px 0px 0px 0px;\n}\n<\/style>\n<div class='flex_column av-5vkq2-6da9d85741a9a16154095ffe436cf221 av_one_full  avia-builder-el-6  el_before_av_one_half  avia-builder-el-first  first flex_column_div av-zero-column-padding '   ><style type=\"text\/css\" data-created_by=\"avia_inline_auto\" id=\"style-css-av-oydaq-553d376a471af7698254dbd67dd210a5\">\n#top .av-special-heading.av-oydaq-553d376a471af7698254dbd67dd210a5{\npadding-bottom:10px;\n}\n<\/style>\n<div  class='av-special-heading av-oydaq-553d376a471af7698254dbd67dd210a5 av-special-heading-h2 blockquote modern-quote  avia-builder-el-7  avia-builder-el-no-sibling  '><h2 class='av-special-heading-tag '  itemprop=\"headline\"  >Pourquoi utiliser le service BUSCONARANJAS?<\/h2><div class='special-heading-border'><div class='special-heading-inner-border'><\/div><\/div><\/div><\/div>\n<style type=\"text\/css\" data-created_by=\"avia_inline_auto\" id=\"style-css-av-1n6m2-148abb095d26ea2b5586ef657279f711\">\n.flex_column.av-1n6m2-148abb095d26ea2b5586ef657279f711{\nborder-radius:0px 0px 0px 0px;\n-webkit-border-radius:0px 0px 0px 0px;\n-moz-border-radius:0px 0px 0px 0px;\n}\n<\/style>\n<div class='flex_column av-1n6m2-148abb095d26ea2b5586ef657279f711 av_one_half  avia-builder-el-8  el_after_av_one_full  el_before_av_one_half  first flex_column_div av-zero-column-padding column-top-margin'   ><p>\n<style type=\"text\/css\" data-created_by=\"avia_inline_auto\" id=\"style-css-av-mmbu2-110ba4631de08cee8e03f6e19d42fa37\">\n#top .av-special-heading.av-mmbu2-110ba4631de08cee8e03f6e19d42fa37{\npadding-bottom:10px;\n}\n<\/style>\n<div  class='av-special-heading av-mmbu2-110ba4631de08cee8e03f6e19d42fa37 av-special-heading-h3 blockquote modern-quote  avia-builder-el-9  el_before_av_iconlist  avia-builder-el-first  '><h3 class='av-special-heading-tag '  itemprop=\"headline\"  >Avantages pour les agriculteurs<\/h3><div class='special-heading-border'><div class='special-heading-inner-border'><\/div><\/div><\/div><br \/>\n\n<style type=\"text\/css\" data-created_by=\"avia_inline_auto\" id=\"style-css-av-jzdvpust-45b70fcafd5976ce7aa69723978acf75\">\n#top .avia-icon-list-container.av-jzdvpust-45b70fcafd5976ce7aa69723978acf75 .iconlist_icon{\nbackground-color:#edae44;\n}\n<\/style>\n<div  class='avia-icon-list-container av-jzdvpust-45b70fcafd5976ce7aa69723978acf75  avia-builder-el-10  el_after_av_heading  avia-builder-el-last  '><ul class='avia-icon-list avia_animate_when_almost_visible avia-icon-list-left av-iconlist-big av-jzdvpust-45b70fcafd5976ce7aa69723978acf75 avia-iconlist-animate'>\n<li><div class='iconlist_icon av-f7kfu-9dd8aa5f12011671bf311705cec495b7 avia-font-entypo-fontello'><span class='iconlist-char ' aria-hidden='true' data-av_icon='\ue812' data-av_iconfont='entypo-fontello'><\/span><\/div><article class=\"article-icon-entry \"  itemscope=\"itemscope\" itemtype=\"https:\/\/schema.org\/CreativeWork\" ><div class='iconlist_content_wrap'><header class=\"entry-content-header\"><\/header><div class='iconlist_content  '  itemprop=\"text\" ><p>Nous offrons sa production \u00e0 un grand nombre d&rsquo;acheteurs.<\/p>\n<\/div><\/div><footer class=\"entry-footer\"><\/footer><\/article><div class='iconlist-timeline'><\/div><\/li>\n<li><div class='iconlist_icon av-imrw-e2f88a0e4aca0831248f721afce1a8b1 avia-font-entypo-fontello'><span class='iconlist-char ' aria-hidden='true' data-av_icon='\ue812' data-av_iconfont='entypo-fontello'><\/span><\/div><article class=\"article-icon-entry \"  itemscope=\"itemscope\" itemtype=\"https:\/\/schema.org\/CreativeWork\" ><div class='iconlist_content_wrap'><header class=\"entry-content-header\"><\/header><div class='iconlist_content  '  itemprop=\"text\" ><p>Nous facilitons toute la gestion achat-vente, en prenant soin de la collection si vous le souhaitez.<\/p>\n<\/div><\/div><footer class=\"entry-footer\"><\/footer><\/article><div class='iconlist-timeline'><\/div><\/li>\n<li><div class='iconlist_icon av-1b68to-9de46e5ed453c1606f5e262c9a593df0 avia-font-entypo-fontello'><span class='iconlist-char ' aria-hidden='true' data-av_icon='\ue812' data-av_iconfont='entypo-fontello'><\/span><\/div><article class=\"article-icon-entry \"  itemscope=\"itemscope\" itemtype=\"https:\/\/schema.org\/CreativeWork\" ><div class='iconlist_content_wrap'><header class=\"entry-content-header\"><\/header><div class='iconlist_content  '  itemprop=\"text\" ><p>Nous garantissons la collecte de la production, fournissant une assurance de la collecte si n\u00e9cessaire.<\/p>\n<\/div><\/div><footer class=\"entry-footer\"><\/footer><\/article><div class='iconlist-timeline'><\/div><\/li>\n<li><div class='iconlist_icon av-12kquk-d918d26859def9c3ece4d8e6091efca1 avia-font-entypo-fontello'><span class='iconlist-char ' aria-hidden='true' data-av_icon='\ue812' data-av_iconfont='entypo-fontello'><\/span><\/div><article class=\"article-icon-entry \"  itemscope=\"itemscope\" itemtype=\"https:\/\/schema.org\/CreativeWork\" ><div class='iconlist_content_wrap'><header class=\"entry-content-header\"><\/header><div class='iconlist_content  '  itemprop=\"text\" ><p>Cela suppose un co\u00fbt pour le vendeur uniquement si l&rsquo;op\u00e9ration commerciale est r\u00e9alis\u00e9e.<\/p>\n<\/div><\/div><footer class=\"entry-footer\"><\/footer><\/article><div class='iconlist-timeline'><\/div><\/li>\n<\/ul><\/div><\/p><\/div>\n<style type=\"text\/css\" data-created_by=\"avia_inline_auto\" id=\"style-css-av-arb42-84c8fd7ce467c7f14ba9cb016c47f089\">\n.flex_column.av-arb42-84c8fd7ce467c7f14ba9cb016c47f089{\nborder-radius:0px 0px 0px 0px;\n-webkit-border-radius:0px 0px 0px 0px;\n-moz-border-radius:0px 0px 0px 0px;\n}\n<\/style>\n<div class='flex_column av-arb42-84c8fd7ce467c7f14ba9cb016c47f089 av_one_half  avia-builder-el-11  el_after_av_one_half  avia-builder-el-last  flex_column_div av-zero-column-padding column-top-margin'   ><p>\n<style type=\"text\/css\" data-created_by=\"avia_inline_auto\" id=\"style-css-av-7sqqa-c7eefefc88d34a23cd00834960823d62\">\n#top .av-special-heading.av-7sqqa-c7eefefc88d34a23cd00834960823d62{\npadding-bottom:10px;\n}\n<\/style>\n<div  class='av-special-heading av-7sqqa-c7eefefc88d34a23cd00834960823d62 av-special-heading-h3 blockquote modern-quote  avia-builder-el-12  el_before_av_iconlist  avia-builder-el-first  '><h3 class='av-special-heading-tag '  itemprop=\"headline\"  >Avantages pour les commer\u00e7ants<\/h3><div class='special-heading-border'><div class='special-heading-inner-border'><\/div><\/div><\/div><br \/>\n\n<style type=\"text\/css\" data-created_by=\"avia_inline_auto\" id=\"style-css-av-jzdvpust-45b70fcafd5976ce7aa69723978acf75\">\n#top .avia-icon-list-container.av-jzdvpust-45b70fcafd5976ce7aa69723978acf75 .iconlist_icon{\nbackground-color:#edae44;\n}\n<\/style>\n<div  class='avia-icon-list-container av-jzdvpust-45b70fcafd5976ce7aa69723978acf75  avia-builder-el-13  el_after_av_heading  avia-builder-el-last  '><ul class='avia-icon-list avia_animate_when_almost_visible avia-icon-list-left av-iconlist-big av-jzdvpust-45b70fcafd5976ce7aa69723978acf75 avia-iconlist-animate'>\n<li><div class='iconlist_icon av-zkwwk-2df0a08f81b2babb431f015dadd58c57 avia-font-entypo-fontello'><span class='iconlist-char ' aria-hidden='true' data-av_icon='\ue812' data-av_iconfont='entypo-fontello'><\/span><\/div><article class=\"article-icon-entry \"  itemscope=\"itemscope\" itemtype=\"https:\/\/schema.org\/CreativeWork\" ><div class='iconlist_content_wrap'><header class=\"entry-content-header\"><\/header><div class='iconlist_content  '  itemprop=\"text\" ><p>Nous recherchons la meilleure offre en fonction des exigences et des caract\u00e9ristiques du produit souhait\u00e9.<\/p>\n<\/div><\/div><footer class=\"entry-footer\"><\/footer><\/article><div class='iconlist-timeline'><\/div><\/li>\n<li><div class='iconlist_icon av-qjlhg-e743f1adc30ba256cc444c579708e34a avia-font-entypo-fontello'><span class='iconlist-char ' aria-hidden='true' data-av_icon='\ue812' data-av_iconfont='entypo-fontello'><\/span><\/div><article class=\"article-icon-entry \"  itemscope=\"itemscope\" itemtype=\"https:\/\/schema.org\/CreativeWork\" ><div class='iconlist_content_wrap'><header class=\"entry-content-header\"><\/header><div class='iconlist_content  '  itemprop=\"text\" ><p>Nous centralisons les achats et les ventes via un seul interlocuteur.<\/p>\n<\/div><\/div><footer class=\"entry-footer\"><\/footer><\/article><div class='iconlist-timeline'><\/div><\/li>\n<li><div class='iconlist_icon av-m0oik-a648e05e426f7186c44ac019705a3a0a avia-font-entypo-fontello'><span class='iconlist-char ' aria-hidden='true' data-av_icon='\ue812' data-av_iconfont='entypo-fontello'><\/span><\/div><article class=\"article-icon-entry \"  itemscope=\"itemscope\" itemtype=\"https:\/\/schema.org\/CreativeWork\" ><div class='iconlist_content_wrap'><header class=\"entry-content-header\"><\/header><div class='iconlist_content  '  itemprop=\"text\" ><p>Nous centralisons les achats et les ventes via un s\u00e9lecteur interlocuteur.<\/p>\n<\/div><\/div><footer class=\"entry-footer\"><\/footer><\/article><div class='iconlist-timeline'><\/div><\/li>\n<li><div class='iconlist_icon av-dmn24-80ac07db27fe7560d9b72b05b4c9da10 avia-font-entypo-fontello'><span class='iconlist-char ' aria-hidden='true' data-av_icon='\ue812' data-av_iconfont='entypo-fontello'><\/span><\/div><article class=\"article-icon-entry \"  itemscope=\"itemscope\" itemtype=\"https:\/\/schema.org\/CreativeWork\" ><div class='iconlist_content_wrap'><header class=\"entry-content-header\"><\/header><div class='iconlist_content  '  itemprop=\"text\" ><p>Nous garantissons la collecte des produits gr\u00e2ce \u00e0 notre grande vari\u00e9t\u00e9 de fournisseurs et pouvons ainsi prolonger la campagne agricole.<\/p>\n<\/div><\/div><footer class=\"entry-footer\"><\/footer><\/article><div class='iconlist-timeline'><\/div><\/li>\n<li><div class='iconlist_icon av-ai3d0-562ee32d30f85b1083f46dbec2a65f5e avia-font-entypo-fontello'><span class='iconlist-char ' aria-hidden='true' data-av_icon='\ue812' data-av_iconfont='entypo-fontello'><\/span><\/div><article class=\"article-icon-entry \"  itemscope=\"itemscope\" itemtype=\"https:\/\/schema.org\/CreativeWork\" ><div class='iconlist_content_wrap'><header class=\"entry-content-header\"><\/header><div class='iconlist_content  '  itemprop=\"text\" ><p>C&rsquo;est un service gratuit.<\/p>\n<\/div><\/div><footer class=\"entry-footer\"><\/footer><\/article><div class='iconlist-timeline'><\/div><\/li>\n<\/ul><\/div><\/p><\/div>\n\n","protected":false},"excerpt":{"rendered":"","protected":false},"author":1,"featured_media":0,"parent":0,"menu_order":0,"comment_status":"closed","ping_status":"closed","template":"","meta":[],"yoast_head":"<!-- This site is optimized with the Yoast SEO plugin v20.7 - https:\/\/yoast.com\/wordpress\/plugins\/seo\/ -->\n<title>Qui sommes nous - Busconaranjas<\/title>\n<meta name=\"description\" content=\"Nous sommes une \u00e9quipe de professionnels qui facilitent les op\u00e9rations d&#039;achat et de vente dans le secteur agricole aux agriculteurs, aux agents commerciaux ou aux clients finaux.\" \/>\n<meta name=\"robots\" content=\"index, follow, max-snippet:-1, max-image-preview:large, max-video-preview:-1\" \/>\n<link rel=\"canonical\" href=\"https:\/\/busconaranjas.com\/fr\/qui-sommes-nous\/\" \/>\n<meta property=\"og:locale\" content=\"fr_FR\" \/>\n<meta property=\"og:type\" content=\"article\" \/>\n<meta property=\"og:title\" content=\"Qui sommes nous - Busconaranjas\" \/>\n<meta property=\"og:description\" content=\"Nous sommes une \u00e9quipe de professionnels qui facilitent les op\u00e9rations d&#039;achat et de vente dans le secteur agricole aux agriculteurs, aux agents commerciaux ou aux clients finaux.\" \/>\n<meta property=\"og:url\" content=\"https:\/\/busconaranjas.com\/fr\/qui-sommes-nous\/\" \/>\n<meta property=\"og:site_name\" content=\"Busconaranjas\" \/>\n<meta property=\"article:publisher\" content=\"https:\/\/www.facebook.com\/busconaranjas\/\" \/>\n<meta property=\"article:modified_time\" content=\"2019-11-01T07:50:51+00:00\" \/>\n<meta name=\"twitter:card\" content=\"summary_large_image\" \/>\n<meta name=\"twitter:label1\" content=\"Dur\u00e9e de lecture estim\u00e9e\" \/>\n\t<meta name=\"twitter:data1\" content=\"9 minutes\" \/>\n<script type=\"application\/ld+json\" class=\"yoast-schema-graph\">{\"@context\":\"https:\/\/schema.org\",\"@graph\":[{\"@type\":\"WebPage\",\"@id\":\"https:\/\/busconaranjas.com\/fr\/qui-sommes-nous\/\",\"url\":\"https:\/\/busconaranjas.com\/fr\/qui-sommes-nous\/\",\"name\":\"Qui sommes nous - Busconaranjas\",\"isPartOf\":{\"@id\":\"https:\/\/busconaranjas.com\/#website\"},\"datePublished\":\"2019-10-11T18:42:08+00:00\",\"dateModified\":\"2019-11-01T07:50:51+00:00\",\"description\":\"Nous sommes une \u00e9quipe de professionnels qui facilitent les op\u00e9rations d'achat et de vente dans le secteur agricole aux agriculteurs, aux agents commerciaux ou aux clients finaux.\",\"breadcrumb\":{\"@id\":\"https:\/\/busconaranjas.com\/fr\/qui-sommes-nous\/#breadcrumb\"},\"inLanguage\":\"fr-FR\",\"potentialAction\":[{\"@type\":\"ReadAction\",\"target\":[\"https:\/\/busconaranjas.com\/fr\/qui-sommes-nous\/\"]}]},{\"@type\":\"BreadcrumbList\",\"@id\":\"https:\/\/busconaranjas.com\/fr\/qui-sommes-nous\/#breadcrumb\",\"itemListElement\":[{\"@type\":\"ListItem\",\"position\":1,\"name\":\"Portada\",\"item\":\"https:\/\/busconaranjas.com\/fr\/debut\/\"},{\"@type\":\"ListItem\",\"position\":2,\"name\":\"Qui sommes nous\"}]},{\"@type\":\"WebSite\",\"@id\":\"https:\/\/busconaranjas.com\/#website\",\"url\":\"https:\/\/busconaranjas.com\/\",\"name\":\"Busconaranjas\",\"description\":\"El portal que facilita la compra-venta de naranjas al por mayor\",\"publisher\":{\"@id\":\"https:\/\/busconaranjas.com\/#organization\"},\"potentialAction\":[{\"@type\":\"SearchAction\",\"target\":{\"@type\":\"EntryPoint\",\"urlTemplate\":\"https:\/\/busconaranjas.com\/?s={search_term_string}\"},\"query-input\":\"required name=search_term_string\"}],\"inLanguage\":\"fr-FR\"},{\"@type\":\"Organization\",\"@id\":\"https:\/\/busconaranjas.com\/#organization\",\"name\":\"BUSCONARANJAS\",\"url\":\"https:\/\/busconaranjas.com\/\",\"logo\":{\"@type\":\"ImageObject\",\"inLanguage\":\"fr-FR\",\"@id\":\"https:\/\/busconaranjas.com\/#\/schema\/logo\/image\/\",\"url\":\"https:\/\/busconaranjas.com\/wp-content\/uploads\/2019\/09\/busconaranjas-hortizontal-3.png\",\"contentUrl\":\"https:\/\/busconaranjas.com\/wp-content\/uploads\/2019\/09\/busconaranjas-hortizontal-3.png\",\"width\":400,\"height\":108,\"caption\":\"BUSCONARANJAS\"},\"image\":{\"@id\":\"https:\/\/busconaranjas.com\/#\/schema\/logo\/image\/\"},\"sameAs\":[\"https:\/\/www.facebook.com\/busconaranjas\/\"]}]}<\/script>\n<!-- \/ Yoast SEO plugin. -->","yoast_head_json":{"title":"Qui sommes nous - Busconaranjas","description":"Nous sommes une \u00e9quipe de professionnels qui facilitent les op\u00e9rations d'achat et de vente dans le secteur agricole aux agriculteurs, aux agents commerciaux ou aux clients finaux.","robots":{"index":"index","follow":"follow","max-snippet":"max-snippet:-1","max-image-preview":"max-image-preview:large","max-video-preview":"max-video-preview:-1"},"canonical":"https:\/\/busconaranjas.com\/fr\/qui-sommes-nous\/","og_locale":"fr_FR","og_type":"article","og_title":"Qui sommes nous - Busconaranjas","og_description":"Nous sommes une \u00e9quipe de professionnels qui facilitent les op\u00e9rations d'achat et de vente dans le secteur agricole aux agriculteurs, aux agents commerciaux ou aux clients finaux.","og_url":"https:\/\/busconaranjas.com\/fr\/qui-sommes-nous\/","og_site_name":"Busconaranjas","article_publisher":"https:\/\/www.facebook.com\/busconaranjas\/","article_modified_time":"2019-11-01T07:50:51+00:00","twitter_card":"summary_large_image","twitter_misc":{"Dur\u00e9e de lecture estim\u00e9e":"9 minutes"},"schema":{"@context":"https:\/\/schema.org","@graph":[{"@type":"WebPage","@id":"https:\/\/busconaranjas.com\/fr\/qui-sommes-nous\/","url":"https:\/\/busconaranjas.com\/fr\/qui-sommes-nous\/","name":"Qui sommes nous - Busconaranjas","isPartOf":{"@id":"https:\/\/busconaranjas.com\/#website"},"datePublished":"2019-10-11T18:42:08+00:00","dateModified":"2019-11-01T07:50:51+00:00","description":"Nous sommes une \u00e9quipe de professionnels qui facilitent les op\u00e9rations d'achat et de vente dans le secteur agricole aux agriculteurs, aux agents commerciaux ou aux clients finaux.","breadcrumb":{"@id":"https:\/\/busconaranjas.com\/fr\/qui-sommes-nous\/#breadcrumb"},"inLanguage":"fr-FR","potentialAction":[{"@type":"ReadAction","target":["https:\/\/busconaranjas.com\/fr\/qui-sommes-nous\/"]}]},{"@type":"BreadcrumbList","@id":"https:\/\/busconaranjas.com\/fr\/qui-sommes-nous\/#breadcrumb","itemListElement":[{"@type":"ListItem","position":1,"name":"Portada","item":"https:\/\/busconaranjas.com\/fr\/debut\/"},{"@type":"ListItem","position":2,"name":"Qui sommes nous"}]},{"@type":"WebSite","@id":"https:\/\/busconaranjas.com\/#website","url":"https:\/\/busconaranjas.com\/","name":"Busconaranjas","description":"El portal que facilita la compra-venta de naranjas al por mayor","publisher":{"@id":"https:\/\/busconaranjas.com\/#organization"},"potentialAction":[{"@type":"SearchAction","target":{"@type":"EntryPoint","urlTemplate":"https:\/\/busconaranjas.com\/?s={search_term_string}"},"query-input":"required name=search_term_string"}],"inLanguage":"fr-FR"},{"@type":"Organization","@id":"https:\/\/busconaranjas.com\/#organization","name":"BUSCONARANJAS","url":"https:\/\/busconaranjas.com\/","logo":{"@type":"ImageObject","inLanguage":"fr-FR","@id":"https:\/\/busconaranjas.com\/#\/schema\/logo\/image\/","url":"https:\/\/busconaranjas.com\/wp-content\/uploads\/2019\/09\/busconaranjas-hortizontal-3.png","contentUrl":"https:\/\/busconaranjas.com\/wp-content\/uploads\/2019\/09\/busconaranjas-hortizontal-3.png","width":400,"height":108,"caption":"BUSCONARANJAS"},"image":{"@id":"https:\/\/busconaranjas.com\/#\/schema\/logo\/image\/"},"sameAs":["https:\/\/www.facebook.com\/busconaranjas\/"]}]}},"_links":{"self":[{"href":"https:\/\/busconaranjas.com\/fr\/wp-json\/wp\/v2\/pages\/613"}],"collection":[{"href":"https:\/\/busconaranjas.com\/fr\/wp-json\/wp\/v2\/pages"}],"about":[{"href":"https:\/\/busconaranjas.com\/fr\/wp-json\/wp\/v2\/types\/page"}],"author":[{"embeddable":true,"href":"https:\/\/busconaranjas.com\/fr\/wp-json\/wp\/v2\/users\/1"}],"replies":[{"embeddable":true,"href":"https:\/\/busconaranjas.com\/fr\/wp-json\/wp\/v2\/comments?post=613"}],"version-history":[{"count":2,"href":"https:\/\/busconaranjas.com\/fr\/wp-json\/wp\/v2\/pages\/613\/revisions"}],"predecessor-version":[{"id":642,"href":"https:\/\/busconaranjas.com\/fr\/wp-json\/wp\/v2\/pages\/613\/revisions\/642"}],"wp:attachment":[{"href":"https:\/\/busconaranjas.com\/fr\/wp-json\/wp\/v2\/media?parent=613"}],"curies":[{"name":"wp","href":"https:\/\/api.w.org\/{rel}","templated":true}]}}