{"id":601,"date":"2019-10-09T17:30:05","date_gmt":"2019-10-09T15:30:05","guid":{"rendered":"https:\/\/busconaranjas.com\/politique-de-confidentialite\/"},"modified":"2019-10-09T17:30:06","modified_gmt":"2019-10-09T15:30:06","slug":"politique-de-confidentialite","status":"publish","type":"page","link":"https:\/\/busconaranjas.com\/fr\/politique-de-confidentialite\/","title":{"rendered":"Politique de confidentialit\u00e9"},"content":{"rendered":"<div id='full_slider_1'  class='avia-fullwidth-slider main_color avia-shadow   avia-builder-el-0  el_before_av_one_full  avia-builder-el-first   container_wrap fullsize'  ><div   data-size='entry_without_sidebar'  data-lightbox_size='large'  data-animation='fade'  data-conditional_play=''  data-ids='499'  data-video_counter='0'  data-autoplay='false'  data-bg_slider='false'  data-slide_height=''  data-handle='av_slideshow_full'  data-interval='5'  data-class=' '  data-el_id=''  data-css_id=''  data-scroll_down=''  data-control_layout='av-control-hidden'  data-custom_markup=''  data-perma_caption=''  data-autoplay_stopper=''  data-image_attachment=''  data-min_height='0px'  data-lazy_loading='disabled'  data-src=''  data-position='top left'  data-repeat='no-repeat'  data-attach='scroll'  data-stretch=''  data-img_scrset=''  data-default-height='34.95867768595'  class='avia-slideshow avia-slideshow-1  av-control-hidden av-default-height-applied avia-slideshow-entry_without_sidebar av_slideshow_full   avia-fade-slider '  itemprop=\"image\" itemscope=\"itemscope\" itemtype=\"https:\/\/schema.org\/ImageObject\" ><ul class='avia-slideshow-inner ' style='padding-bottom: 28.925619834711%;' ><li  class=' av-single-slide slide-1 ' ><div data-rel='slideshow-1' class='avia-slide-wrap '   ><div class = \"caption_fullwidth av-slideshow-caption caption_center caption_center_framed caption_framed\"><div class = \"container caption_container\"><div class = \"slideshow_caption\"><div class = \"slideshow_inner_caption\"><div class = \"slideshow_align_caption\"><h2  style='color:#ffffff; ' class='avia-caption-title  '  itemprop=\"name\" >Politique de confidentialit\u00e9<\/h2><\/div><\/div><\/div><\/div><\/div><img class=\"wp-image-501 avia-img-lazy-loading-not-501\"  src='https:\/\/busconaranjas.com\/wp-content\/uploads\/2019\/08\/busconaranjas-fondo6-1210x350.jpg' width='1210' height='350' title='busconaranjas-fondo6' alt=''  itemprop=\"thumbnailUrl\"   \/><\/div><\/li><\/ul><\/div><\/div><div id='after_full_slider_1'  class='main_color av_default_container_wrap container_wrap fullsize'  ><div class='container av-section-cont-open' ><div class='template-page content  av-content-full alpha units'><div class='post-entry post-entry-type-page post-entry-601'><div class='entry-content-wrapper clearfix'>\n\n<style type=\"text\/css\" data-created_by=\"avia_inline_auto\" id=\"style-css-av-17toia-53e0e415fcf400bd6497d7cbfa68ad11\">\n.flex_column.av-17toia-53e0e415fcf400bd6497d7cbfa68ad11{\nborder-radius:0px 0px 0px 0px;\n-webkit-border-radius:0px 0px 0px 0px;\n-moz-border-radius:0px 0px 0px 0px;\n}\n<\/style>\n<div class='flex_column av-17toia-53e0e415fcf400bd6497d7cbfa68ad11 av_one_full  avia-builder-el-1  el_after_av_slideshow_full  avia-builder-el-no-sibling  first flex_column_div av-zero-column-padding '   ><section class=\"av_textblock_section \"  itemscope=\"itemscope\" itemtype=\"https:\/\/schema.org\/CreativeWork\" ><div class='avia_textblock  '   itemprop=\"text\" ><p><! - wp: rubrique -><\/p>\n<p>Conform\u00e9ment aux dispositions de la loi organique 15\/1999 du 13 d\u00e9cembre sur la protection des donn\u00e9es \u00e0 caract\u00e8re personnel (LOPD), l&rsquo;utilisateur est inform\u00e9 que toutes les donn\u00e9es fournies seront incorpor\u00e9es dans un fichier, cr\u00e9\u00e9 et conserv\u00e9 sous le Responsabilit\u00e9 d&rsquo;Agrovalle Nuevas Tecnolog\u00eda SL.<\/p>\n<p>La confidentialit\u00e9 de vos donn\u00e9es personnelles sera toujours respect\u00e9e, elle ne sera utilis\u00e9e que pour g\u00e9rer les services offerts, r\u00e9pondre aux demandes que nous formulons, effectuer des t\u00e2ches administratives, ainsi que pour envoyer des informations techniques, commerciales ou publicitaires par des moyens ordinaires ou \u00e9lectroniques. .<\/p>\n<p>Pour exercer vos droits d&rsquo;opposition, de rectification ou d&rsquo;annulation, vous devez \u00e9crire \u00e0 l&rsquo;adresse \u00e9lectronique suivante <strong> info@busconaranjas.com <\/ strong>.<\/p>\n<p><strong> <\/ strong><\/p>\n<h2> <strong> POLITIQUE SUR LES COOKIES <\/ strong> <\/ h2><br \/>\nAgrovalle Nuevas Tecnolog\u00eda SL. Par leur propre compte ou celui d&rsquo;un tiers contract\u00e9 pour fournir des services de mesure, ils peuvent utiliser des cookies lorsque l&rsquo;utilisateur navigue sur le site. Les cookies sont des fichiers envoy\u00e9s au navigateur via un service Web afin d&rsquo;enregistrer les activit\u00e9s de l&rsquo;utilisateur pendant leur temps de navigation.<\/p>\n<p>Les cookies utilis\u00e9s sont uniquement associ\u00e9s \u00e0 un utilisateur anonyme et \u00e0 son ordinateur, et ne fournissent pas par eux-m\u00eames les donn\u00e9es personnelles de l&rsquo;utilisateur.<\/p>\n<p>En utilisant des cookies, il est possible que le serveur sur lequel se trouve le site Web reconnaisse le navigateur Web utilis\u00e9 par l&rsquo;utilisateur afin de faciliter la navigation. Ils sont \u00e9galement utilis\u00e9s pour mesurer l&rsquo;audience et les param\u00e8tres de trafic, contr\u00f4ler le processus et le nombre d&rsquo;entr\u00e9es.<\/p>\n<p>L&rsquo;utilisateur a la possibilit\u00e9 de configurer son navigateur pour \u00eatre averti de la r\u00e9ception de cookies et pour emp\u00eacher leur installation sur son ordinateur. Veuillez consulter les instructions et les manuels de votre navigateur pour plus d&rsquo;informations.<\/p>\n<p>Pour utiliser le site Web, il n&rsquo;est pas n\u00e9cessaire que l&rsquo;utilisateur autorise l&rsquo;installation de cookies envoy\u00e9s au site Web ou au tiers agissant en leur nom, sans pr\u00e9judice de la n\u00e9cessit\u00e9 pour l&rsquo;utilisateur de lancer une telle session dans chacun des services. dont la mise \u00e0 disposition n\u00e9cessite un enregistrement pr\u00e9alable.<\/p>\n<p>Dans tous les cas, les cookies ont un caract\u00e8re temporaire dans le seul but de rendre leur transmission ult\u00e9rieure plus efficace. Les cookies ne seront en aucun cas utilis\u00e9s pour collecter des informations personnelles.<\/p>\n<p><! - \/ wp: rubrique -><\/p>\n<\/div><\/section><\/div>\n","protected":false},"excerpt":{"rendered":"","protected":false},"author":1,"featured_media":0,"parent":0,"menu_order":0,"comment_status":"closed","ping_status":"open","template":"","meta":[],"yoast_head":"<!-- This site is optimized with the Yoast SEO plugin v20.7 - https:\/\/yoast.com\/wordpress\/plugins\/seo\/ -->\n<title>Politique de confidentialit\u00e9 - Busconaranjas<\/title>\n<meta name=\"robots\" content=\"index, follow, max-snippet:-1, max-image-preview:large, max-video-preview:-1\" \/>\n<link rel=\"canonical\" href=\"https:\/\/busconaranjas.com\/fr\/politique-de-confidentialite\/\" \/>\n<meta property=\"og:locale\" content=\"fr_FR\" \/>\n<meta property=\"og:type\" content=\"article\" \/>\n<meta property=\"og:title\" content=\"Politique de confidentialit\u00e9 - Busconaranjas\" \/>\n<meta property=\"og:url\" content=\"https:\/\/busconaranjas.com\/fr\/politique-de-confidentialite\/\" \/>\n<meta property=\"og:site_name\" content=\"Busconaranjas\" \/>\n<meta property=\"article:publisher\" content=\"https:\/\/www.facebook.com\/busconaranjas\/\" \/>\n<meta property=\"article:modified_time\" content=\"2019-10-09T15:30:06+00:00\" \/>\n<meta name=\"twitter:card\" content=\"summary_large_image\" \/>\n<meta name=\"twitter:label1\" content=\"Dur\u00e9e de lecture estim\u00e9e\" \/>\n\t<meta name=\"twitter:data1\" content=\"4 minutes\" \/>\n<script type=\"application\/ld+json\" class=\"yoast-schema-graph\">{\"@context\":\"https:\/\/schema.org\",\"@graph\":[{\"@type\":\"WebPage\",\"@id\":\"https:\/\/busconaranjas.com\/fr\/politique-de-confidentialite\/\",\"url\":\"https:\/\/busconaranjas.com\/fr\/politique-de-confidentialite\/\",\"name\":\"Politique de confidentialit\u00e9 - Busconaranjas\",\"isPartOf\":{\"@id\":\"https:\/\/busconaranjas.com\/#website\"},\"datePublished\":\"2019-10-09T15:30:05+00:00\",\"dateModified\":\"2019-10-09T15:30:06+00:00\",\"breadcrumb\":{\"@id\":\"https:\/\/busconaranjas.com\/fr\/politique-de-confidentialite\/#breadcrumb\"},\"inLanguage\":\"fr-FR\",\"potentialAction\":[{\"@type\":\"ReadAction\",\"target\":[\"https:\/\/busconaranjas.com\/fr\/politique-de-confidentialite\/\"]}]},{\"@type\":\"BreadcrumbList\",\"@id\":\"https:\/\/busconaranjas.com\/fr\/politique-de-confidentialite\/#breadcrumb\",\"itemListElement\":[{\"@type\":\"ListItem\",\"position\":1,\"name\":\"Portada\",\"item\":\"https:\/\/busconaranjas.com\/fr\/debut\/\"},{\"@type\":\"ListItem\",\"position\":2,\"name\":\"Politique de confidentialit\u00e9\"}]},{\"@type\":\"WebSite\",\"@id\":\"https:\/\/busconaranjas.com\/#website\",\"url\":\"https:\/\/busconaranjas.com\/\",\"name\":\"Busconaranjas\",\"description\":\"El portal que facilita la compra-venta de naranjas al por mayor\",\"publisher\":{\"@id\":\"https:\/\/busconaranjas.com\/#organization\"},\"potentialAction\":[{\"@type\":\"SearchAction\",\"target\":{\"@type\":\"EntryPoint\",\"urlTemplate\":\"https:\/\/busconaranjas.com\/?s={search_term_string}\"},\"query-input\":\"required name=search_term_string\"}],\"inLanguage\":\"fr-FR\"},{\"@type\":\"Organization\",\"@id\":\"https:\/\/busconaranjas.com\/#organization\",\"name\":\"BUSCONARANJAS\",\"url\":\"https:\/\/busconaranjas.com\/\",\"logo\":{\"@type\":\"ImageObject\",\"inLanguage\":\"fr-FR\",\"@id\":\"https:\/\/busconaranjas.com\/#\/schema\/logo\/image\/\",\"url\":\"https:\/\/busconaranjas.com\/wp-content\/uploads\/2019\/09\/busconaranjas-hortizontal-3.png\",\"contentUrl\":\"https:\/\/busconaranjas.com\/wp-content\/uploads\/2019\/09\/busconaranjas-hortizontal-3.png\",\"width\":400,\"height\":108,\"caption\":\"BUSCONARANJAS\"},\"image\":{\"@id\":\"https:\/\/busconaranjas.com\/#\/schema\/logo\/image\/\"},\"sameAs\":[\"https:\/\/www.facebook.com\/busconaranjas\/\"]}]}<\/script>\n<!-- \/ Yoast SEO plugin. -->","yoast_head_json":{"title":"Politique de confidentialit\u00e9 - Busconaranjas","robots":{"index":"index","follow":"follow","max-snippet":"max-snippet:-1","max-image-preview":"max-image-preview:large","max-video-preview":"max-video-preview:-1"},"canonical":"https:\/\/busconaranjas.com\/fr\/politique-de-confidentialite\/","og_locale":"fr_FR","og_type":"article","og_title":"Politique de confidentialit\u00e9 - Busconaranjas","og_url":"https:\/\/busconaranjas.com\/fr\/politique-de-confidentialite\/","og_site_name":"Busconaranjas","article_publisher":"https:\/\/www.facebook.com\/busconaranjas\/","article_modified_time":"2019-10-09T15:30:06+00:00","twitter_card":"summary_large_image","twitter_misc":{"Dur\u00e9e de lecture estim\u00e9e":"4 minutes"},"schema":{"@context":"https:\/\/schema.org","@graph":[{"@type":"WebPage","@id":"https:\/\/busconaranjas.com\/fr\/politique-de-confidentialite\/","url":"https:\/\/busconaranjas.com\/fr\/politique-de-confidentialite\/","name":"Politique de confidentialit\u00e9 - Busconaranjas","isPartOf":{"@id":"https:\/\/busconaranjas.com\/#website"},"datePublished":"2019-10-09T15:30:05+00:00","dateModified":"2019-10-09T15:30:06+00:00","breadcrumb":{"@id":"https:\/\/busconaranjas.com\/fr\/politique-de-confidentialite\/#breadcrumb"},"inLanguage":"fr-FR","potentialAction":[{"@type":"ReadAction","target":["https:\/\/busconaranjas.com\/fr\/politique-de-confidentialite\/"]}]},{"@type":"BreadcrumbList","@id":"https:\/\/busconaranjas.com\/fr\/politique-de-confidentialite\/#breadcrumb","itemListElement":[{"@type":"ListItem","position":1,"name":"Portada","item":"https:\/\/busconaranjas.com\/fr\/debut\/"},{"@type":"ListItem","position":2,"name":"Politique de confidentialit\u00e9"}]},{"@type":"WebSite","@id":"https:\/\/busconaranjas.com\/#website","url":"https:\/\/busconaranjas.com\/","name":"Busconaranjas","description":"El portal que facilita la compra-venta de naranjas al por mayor","publisher":{"@id":"https:\/\/busconaranjas.com\/#organization"},"potentialAction":[{"@type":"SearchAction","target":{"@type":"EntryPoint","urlTemplate":"https:\/\/busconaranjas.com\/?s={search_term_string}"},"query-input":"required name=search_term_string"}],"inLanguage":"fr-FR"},{"@type":"Organization","@id":"https:\/\/busconaranjas.com\/#organization","name":"BUSCONARANJAS","url":"https:\/\/busconaranjas.com\/","logo":{"@type":"ImageObject","inLanguage":"fr-FR","@id":"https:\/\/busconaranjas.com\/#\/schema\/logo\/image\/","url":"https:\/\/busconaranjas.com\/wp-content\/uploads\/2019\/09\/busconaranjas-hortizontal-3.png","contentUrl":"https:\/\/busconaranjas.com\/wp-content\/uploads\/2019\/09\/busconaranjas-hortizontal-3.png","width":400,"height":108,"caption":"BUSCONARANJAS"},"image":{"@id":"https:\/\/busconaranjas.com\/#\/schema\/logo\/image\/"},"sameAs":["https:\/\/www.facebook.com\/busconaranjas\/"]}]}},"_links":{"self":[{"href":"https:\/\/busconaranjas.com\/fr\/wp-json\/wp\/v2\/pages\/601"}],"collection":[{"href":"https:\/\/busconaranjas.com\/fr\/wp-json\/wp\/v2\/pages"}],"about":[{"href":"https:\/\/busconaranjas.com\/fr\/wp-json\/wp\/v2\/types\/page"}],"author":[{"embeddable":true,"href":"https:\/\/busconaranjas.com\/fr\/wp-json\/wp\/v2\/users\/1"}],"replies":[{"embeddable":true,"href":"https:\/\/busconaranjas.com\/fr\/wp-json\/wp\/v2\/comments?post=601"}],"version-history":[{"count":4,"href":"https:\/\/busconaranjas.com\/fr\/wp-json\/wp\/v2\/pages\/601\/revisions"}],"predecessor-version":[{"id":605,"href":"https:\/\/busconaranjas.com\/fr\/wp-json\/wp\/v2\/pages\/601\/revisions\/605"}],"wp:attachment":[{"href":"https:\/\/busconaranjas.com\/fr\/wp-json\/wp\/v2\/media?parent=601"}],"curies":[{"name":"wp","href":"https:\/\/api.w.org\/{rel}","templated":true}]}}