{"id":565,"date":"2019-10-09T15:45:28","date_gmt":"2019-10-09T13:45:28","guid":{"rendered":"https:\/\/busconaranjas.com\/les-services\/"},"modified":"2019-11-01T09:32:20","modified_gmt":"2019-11-01T08:32:20","slug":"les-services","status":"publish","type":"page","link":"https:\/\/busconaranjas.com\/fr\/les-services\/","title":{"rendered":"Les services"},"content":{"rendered":"<div id='full_slider_1'  class='avia-fullwidth-slider main_color avia-shadow   avia-builder-el-0  el_before_av_one_half  avia-builder-el-first   container_wrap fullsize'  ><div   data-size='entry_without_sidebar'  data-lightbox_size='large'  data-animation='fade'  data-conditional_play=''  data-ids='311'  data-video_counter='0'  data-autoplay='false'  data-bg_slider='false'  data-slide_height=''  data-handle='av_slideshow_full'  data-interval='5'  data-class=' '  data-el_id=''  data-css_id=''  data-scroll_down=''  data-control_layout='av-control-hidden'  data-custom_markup=''  data-perma_caption=''  data-autoplay_stopper=''  data-image_attachment=''  data-min_height='0px'  data-lazy_loading='disabled'  data-src=''  data-position='top left'  data-repeat='no-repeat'  data-attach='scroll'  data-stretch=''  data-img_scrset=''  data-default-height='34.95867768595'  class='avia-slideshow avia-slideshow-1  av-control-hidden av-default-height-applied avia-slideshow-entry_without_sidebar av_slideshow_full   avia-fade-slider '  itemprop=\"image\" itemscope=\"itemscope\" itemtype=\"https:\/\/schema.org\/ImageObject\" ><ul class='avia-slideshow-inner ' style='padding-bottom: 28.925619834711%;' ><li  class=' av-single-slide slide-1 ' ><div data-rel='slideshow-1' class='avia-slide-wrap '   ><div class = \"caption_fullwidth av-slideshow-caption caption_center caption_center_framed caption_framed\"><div class = \"container caption_container\"><div class = \"slideshow_caption\"><div class = \"slideshow_inner_caption\"><div class = \"slideshow_align_caption\"><h2  style='color:#ffffff; ' class='avia-caption-title  '  itemprop=\"name\" >Les services<\/h2><\/div><\/div><\/div><\/div><\/div><img class=\"wp-image-385 avia-img-lazy-loading-not-385\"  src='https:\/\/busconaranjas.com\/wp-content\/uploads\/2019\/08\/busconaranjas-fondo4-1210x350.jpg' width='1210' height='350' title='busconaranjas-fondo4' alt=''  itemprop=\"thumbnailUrl\"   \/><\/div><\/li><\/ul><\/div><\/div><div id='after_full_slider_1'  class='main_color av_default_container_wrap container_wrap fullsize'  ><div class='container av-section-cont-open' ><div class='template-page content  av-content-full alpha units'><div class='post-entry post-entry-type-page post-entry-565'><div class='entry-content-wrapper clearfix'>\n\n<style type=\"text\/css\" data-created_by=\"avia_inline_auto\" id=\"style-css-av-1n6m2-148abb095d26ea2b5586ef657279f711\">\n.flex_column.av-1n6m2-148abb095d26ea2b5586ef657279f711{\nborder-radius:0px 0px 0px 0px;\n-webkit-border-radius:0px 0px 0px 0px;\n-moz-border-radius:0px 0px 0px 0px;\n}\n<\/style>\n<div class='flex_column av-1n6m2-148abb095d26ea2b5586ef657279f711 av_one_half  avia-builder-el-1  el_after_av_slideshow_full  el_before_av_one_half  avia-builder-el-first  first flex_column_div av-zero-column-padding '   ><style type=\"text\/css\" data-created_by=\"avia_inline_auto\" id=\"style-css-av-jzcmir1q-9261a4304d95d850e40e222154796e26\">\n#top .avia-icon-list-container.av-jzcmir1q-9261a4304d95d850e40e222154796e26 .iconlist_icon{\nbackground-color:#edae44;\n}\n<\/style>\n<div  class='avia-icon-list-container av-jzcmir1q-9261a4304d95d850e40e222154796e26  avia-builder-el-2  avia-builder-el-no-sibling  '><ul class='avia-icon-list avia_animate_when_almost_visible avia-icon-list-left av-iconlist-big av-jzcmir1q-9261a4304d95d850e40e222154796e26 avia-iconlist-animate'>\n<li><div class='iconlist_icon av-ss6om-0469815e0ea98ca249ade5c1623d98f5 avia-font-entypo-fontello'><span class='iconlist-char ' aria-hidden='true' data-av_icon='\ue80a' data-av_iconfont='entypo-fontello'><\/span><\/div><article class=\"article-icon-entry \"  itemscope=\"itemscope\" itemtype=\"https:\/\/schema.org\/CreativeWork\" ><div class='iconlist_content_wrap'><header class=\"entry-content-header\"><h4 class='av_iconlist_title iconlist_title   '  itemprop=\"headline\" >Agent commercial d\u2019origine<\/h4><\/header><div class='iconlist_content  '  itemprop=\"text\" ><p>Nous facilitons la t\u00e2che commerciale des soci\u00e9t\u00e9s de marketing, obtenant le bon produit ou fournisseur, gr\u00e2ce \u00e0 la connaissance des zones de production, des vari\u00e9t\u00e9s, des qualit\u00e9s, des agriculteurs, des entreprises, etc.<\/p>\n<\/div><\/div><footer class=\"entry-footer\"><\/footer><\/article><div class='iconlist-timeline'><\/div><\/li>\n<li><div class='iconlist_icon av-l6v6e-c6b3734233e80c12caf7548c85cecafd avia-font-entypo-fontello'><span class='iconlist-char ' aria-hidden='true' data-av_icon='\ue808' data-av_iconfont='entypo-fontello'><\/span><\/div><article class=\"article-icon-entry \"  itemscope=\"itemscope\" itemtype=\"https:\/\/schema.org\/CreativeWork\" ><div class='iconlist_content_wrap'><header class=\"entry-content-header\"><h4 class='av_iconlist_title iconlist_title   '  itemprop=\"headline\" >Contr\u00f4le de qualit\u00e9<\/h4><\/header><div class='iconlist_content  '  itemprop=\"text\" ><p>Nous nous assurons que les crit\u00e8res \u00e9tablis dans les relations commerciales sont respect\u00e9s, agissant en tant que m\u00e9canisme de contr\u00f4le ind\u00e9pendant assurant la tra\u00e7abilit\u00e9 tout au long du processus. Nous effectuons le contr\u00f4le des d\u00e9chets, contr\u00f4le du poids, qualit\u00e9s de fruits, pourris, etc &#8230;<\/p>\n<\/div><\/div><footer class=\"entry-footer\"><\/footer><\/article><div class='iconlist-timeline'><\/div><\/li>\n<li><div class='iconlist_icon av-ecj4e-34c45e02a900e7bb0e45325782472c14 avia-font-entypo-fontello'><span class='iconlist-char ' aria-hidden='true' data-av_icon='\ue851' data-av_iconfont='entypo-fontello'><\/span><\/div><article class=\"article-icon-entry \"  itemscope=\"itemscope\" itemtype=\"https:\/\/schema.org\/CreativeWork\" ><div class='iconlist_content_wrap'><header class=\"entry-content-header\"><h4 class='av_iconlist_title iconlist_title   '  itemprop=\"headline\" >Gestion de collection<\/h4><\/header><div class='iconlist_content  '  itemprop=\"text\" ><p>Nous facilitons la collecte pour la pi\u00e8ce d&rsquo;achat ou de vente, la recherche de personnel, de machines, de transport, ainsi que diff\u00e9rentes proc\u00e9dures administratives.<\/p>\n<\/div><\/div><footer class=\"entry-footer\"><\/footer><\/article><div class='iconlist-timeline'><\/div><\/li>\n<\/ul><\/div><\/div>\n\n<style type=\"text\/css\" data-created_by=\"avia_inline_auto\" id=\"style-css-av-arb42-84c8fd7ce467c7f14ba9cb016c47f089\">\n.flex_column.av-arb42-84c8fd7ce467c7f14ba9cb016c47f089{\nborder-radius:0px 0px 0px 0px;\n-webkit-border-radius:0px 0px 0px 0px;\n-moz-border-radius:0px 0px 0px 0px;\n}\n<\/style>\n<div class='flex_column av-arb42-84c8fd7ce467c7f14ba9cb016c47f089 av_one_half  avia-builder-el-3  el_after_av_one_half  avia-builder-el-last  flex_column_div av-zero-column-padding '   ><style type=\"text\/css\" data-created_by=\"avia_inline_auto\" id=\"style-css-av-jzcmir1q-9261a4304d95d850e40e222154796e26\">\n#top .avia-icon-list-container.av-jzcmir1q-9261a4304d95d850e40e222154796e26 .iconlist_icon{\nbackground-color:#edae44;\n}\n<\/style>\n<div  class='avia-icon-list-container av-jzcmir1q-9261a4304d95d850e40e222154796e26  avia-builder-el-4  avia-builder-el-no-sibling  '><ul class='avia-icon-list avia_animate_when_almost_visible avia-icon-list-left av-iconlist-big av-jzcmir1q-9261a4304d95d850e40e222154796e26 avia-iconlist-animate'>\n<li><div class='iconlist_icon av-m2dfq-0b8493026cac3896dfdbc645425fe138 avia-font-entypo-fontello'><span class='iconlist-char ' aria-hidden='true' data-av_icon='\ue859' data-av_iconfont='entypo-fontello'><\/span><\/div><article class=\"article-icon-entry \"  itemscope=\"itemscope\" itemtype=\"https:\/\/schema.org\/CreativeWork\" ><div class='iconlist_content_wrap'><header class=\"entry-content-header\"><h4 class='av_iconlist_title iconlist_title   '  itemprop=\"headline\" >Gestion des processus d\u2019achat et de vente<\/h4><\/header><div class='iconlist_content  '  itemprop=\"text\" ><p>Nous accompagnons les diff\u00e9rentes \u00e9tapes pour mener \u00e0 bien le processus d&rsquo;achat et de vente, les contrats, l&rsquo;analyse de risque, les assurances, etc.<\/p>\n<\/div><\/div><footer class=\"entry-footer\"><\/footer><\/article><div class='iconlist-timeline'><\/div><\/li>\n<li><div class='iconlist_icon av-gjyou-93e1a003c732bb689ec5f7b13dfa09a4 avia-font-entypo-fontello'><span class='iconlist-char ' aria-hidden='true' data-av_icon='\ue8ad' data-av_iconfont='entypo-fontello'><\/span><\/div><article class=\"article-icon-entry \"  itemscope=\"itemscope\" itemtype=\"https:\/\/schema.org\/CreativeWork\" ><div class='iconlist_content_wrap'><header class=\"entry-content-header\"><h4 class='av_iconlist_title iconlist_title   '  itemprop=\"headline\" >Marketing en ligne<\/h4><\/header><div class='iconlist_content  '  itemprop=\"text\" ><p>Nous assumons le travail de communication et de marketing des entreprises du secteur des agrumes, am\u00e9liorant leur image sur Internet, site Web, positionnement Web, publicit\u00e9 en ligne, r\u00e9seaux sociaux, etc.<\/p>\n<\/div><\/div><footer class=\"entry-footer\"><\/footer><\/article><div class='iconlist-timeline'><\/div><\/li>\n<li><div class='iconlist_icon av-brw8u-360b0ea9c3e4eccabf927c51de9ea733 avia-font-entypo-fontello'><span class='iconlist-char ' aria-hidden='true' data-av_icon='\ue8bc' data-av_iconfont='entypo-fontello'><\/span><\/div><article class=\"article-icon-entry \"  itemscope=\"itemscope\" itemtype=\"https:\/\/schema.org\/CreativeWork\" ><div class='iconlist_content_wrap'><header class=\"entry-content-header\"><h4 class='av_iconlist_title iconlist_title   '  itemprop=\"headline\" >Autres services divers tels que<\/h4><\/header><div class='iconlist_content  '  itemprop=\"text\" ><ul>\n<li>Repr\u00e9sentation dans les foires.<\/li>\n<li>Administration de la ferme<\/li>\n<li>Gestion de la qualit\u00e9 (auditeur interne de Global Gap, agriculture biologique, production int\u00e9gr\u00e9e, etc.)<\/li>\n<li>Projets de travaux.<\/li>\n<li>Gestion des subventions (PAC, d\u00e9veloppement rural, etc &#8230;)<\/li>\n<\/ul>\n<\/div><\/div><footer class=\"entry-footer\"><\/footer><\/article><div class='iconlist-timeline'><\/div><\/li>\n<\/ul><\/div><\/div>\n","protected":false},"excerpt":{"rendered":"","protected":false},"author":1,"featured_media":0,"parent":0,"menu_order":0,"comment_status":"closed","ping_status":"closed","template":"","meta":[],"yoast_head":"<!-- This site is optimized with the Yoast SEO plugin v20.7 - https:\/\/yoast.com\/wordpress\/plugins\/seo\/ -->\n<title>Les services - Busconaranjas<\/title>\n<meta name=\"description\" content=\"Nous offrons des services suppl\u00e9mentaires tels que le contr\u00f4le de la qualit\u00e9, le marketing en ligne et la gestion du processus d&#039;achat et de vente.\" \/>\n<meta name=\"robots\" content=\"index, follow, max-snippet:-1, max-image-preview:large, max-video-preview:-1\" \/>\n<link rel=\"canonical\" href=\"https:\/\/busconaranjas.com\/fr\/les-services\/\" \/>\n<meta property=\"og:locale\" content=\"fr_FR\" \/>\n<meta property=\"og:type\" content=\"article\" \/>\n<meta property=\"og:title\" content=\"Les services - Busconaranjas\" \/>\n<meta property=\"og:description\" content=\"Nous offrons des services suppl\u00e9mentaires tels que le contr\u00f4le de la qualit\u00e9, le marketing en ligne et la gestion du processus d&#039;achat et de vente.\" \/>\n<meta property=\"og:url\" content=\"https:\/\/busconaranjas.com\/fr\/les-services\/\" \/>\n<meta property=\"og:site_name\" content=\"Busconaranjas\" \/>\n<meta property=\"article:publisher\" content=\"https:\/\/www.facebook.com\/busconaranjas\/\" \/>\n<meta property=\"article:modified_time\" content=\"2019-11-01T08:32:20+00:00\" \/>\n<meta name=\"twitter:card\" content=\"summary_large_image\" \/>\n<meta name=\"twitter:label1\" content=\"Dur\u00e9e de lecture estim\u00e9e\" \/>\n\t<meta name=\"twitter:data1\" content=\"5 minutes\" \/>\n<script type=\"application\/ld+json\" class=\"yoast-schema-graph\">{\"@context\":\"https:\/\/schema.org\",\"@graph\":[{\"@type\":\"WebPage\",\"@id\":\"https:\/\/busconaranjas.com\/fr\/les-services\/\",\"url\":\"https:\/\/busconaranjas.com\/fr\/les-services\/\",\"name\":\"Les services - Busconaranjas\",\"isPartOf\":{\"@id\":\"https:\/\/busconaranjas.com\/#website\"},\"datePublished\":\"2019-10-09T13:45:28+00:00\",\"dateModified\":\"2019-11-01T08:32:20+00:00\",\"description\":\"Nous offrons des services suppl\u00e9mentaires tels que le contr\u00f4le de la qualit\u00e9, le marketing en ligne et la gestion du processus d'achat et de vente.\",\"breadcrumb\":{\"@id\":\"https:\/\/busconaranjas.com\/fr\/les-services\/#breadcrumb\"},\"inLanguage\":\"fr-FR\",\"potentialAction\":[{\"@type\":\"ReadAction\",\"target\":[\"https:\/\/busconaranjas.com\/fr\/les-services\/\"]}]},{\"@type\":\"BreadcrumbList\",\"@id\":\"https:\/\/busconaranjas.com\/fr\/les-services\/#breadcrumb\",\"itemListElement\":[{\"@type\":\"ListItem\",\"position\":1,\"name\":\"Portada\",\"item\":\"https:\/\/busconaranjas.com\/fr\/debut\/\"},{\"@type\":\"ListItem\",\"position\":2,\"name\":\"Les services\"}]},{\"@type\":\"WebSite\",\"@id\":\"https:\/\/busconaranjas.com\/#website\",\"url\":\"https:\/\/busconaranjas.com\/\",\"name\":\"Busconaranjas\",\"description\":\"El portal que facilita la compra-venta de naranjas al por mayor\",\"publisher\":{\"@id\":\"https:\/\/busconaranjas.com\/#organization\"},\"potentialAction\":[{\"@type\":\"SearchAction\",\"target\":{\"@type\":\"EntryPoint\",\"urlTemplate\":\"https:\/\/busconaranjas.com\/?s={search_term_string}\"},\"query-input\":\"required name=search_term_string\"}],\"inLanguage\":\"fr-FR\"},{\"@type\":\"Organization\",\"@id\":\"https:\/\/busconaranjas.com\/#organization\",\"name\":\"BUSCONARANJAS\",\"url\":\"https:\/\/busconaranjas.com\/\",\"logo\":{\"@type\":\"ImageObject\",\"inLanguage\":\"fr-FR\",\"@id\":\"https:\/\/busconaranjas.com\/#\/schema\/logo\/image\/\",\"url\":\"https:\/\/busconaranjas.com\/wp-content\/uploads\/2019\/09\/busconaranjas-hortizontal-3.png\",\"contentUrl\":\"https:\/\/busconaranjas.com\/wp-content\/uploads\/2019\/09\/busconaranjas-hortizontal-3.png\",\"width\":400,\"height\":108,\"caption\":\"BUSCONARANJAS\"},\"image\":{\"@id\":\"https:\/\/busconaranjas.com\/#\/schema\/logo\/image\/\"},\"sameAs\":[\"https:\/\/www.facebook.com\/busconaranjas\/\"]}]}<\/script>\n<!-- \/ Yoast SEO plugin. -->","yoast_head_json":{"title":"Les services - Busconaranjas","description":"Nous offrons des services suppl\u00e9mentaires tels que le contr\u00f4le de la qualit\u00e9, le marketing en ligne et la gestion du processus d'achat et de vente.","robots":{"index":"index","follow":"follow","max-snippet":"max-snippet:-1","max-image-preview":"max-image-preview:large","max-video-preview":"max-video-preview:-1"},"canonical":"https:\/\/busconaranjas.com\/fr\/les-services\/","og_locale":"fr_FR","og_type":"article","og_title":"Les services - Busconaranjas","og_description":"Nous offrons des services suppl\u00e9mentaires tels que le contr\u00f4le de la qualit\u00e9, le marketing en ligne et la gestion du processus d'achat et de vente.","og_url":"https:\/\/busconaranjas.com\/fr\/les-services\/","og_site_name":"Busconaranjas","article_publisher":"https:\/\/www.facebook.com\/busconaranjas\/","article_modified_time":"2019-11-01T08:32:20+00:00","twitter_card":"summary_large_image","twitter_misc":{"Dur\u00e9e de lecture estim\u00e9e":"5 minutes"},"schema":{"@context":"https:\/\/schema.org","@graph":[{"@type":"WebPage","@id":"https:\/\/busconaranjas.com\/fr\/les-services\/","url":"https:\/\/busconaranjas.com\/fr\/les-services\/","name":"Les services - Busconaranjas","isPartOf":{"@id":"https:\/\/busconaranjas.com\/#website"},"datePublished":"2019-10-09T13:45:28+00:00","dateModified":"2019-11-01T08:32:20+00:00","description":"Nous offrons des services suppl\u00e9mentaires tels que le contr\u00f4le de la qualit\u00e9, le marketing en ligne et la gestion du processus d'achat et de vente.","breadcrumb":{"@id":"https:\/\/busconaranjas.com\/fr\/les-services\/#breadcrumb"},"inLanguage":"fr-FR","potentialAction":[{"@type":"ReadAction","target":["https:\/\/busconaranjas.com\/fr\/les-services\/"]}]},{"@type":"BreadcrumbList","@id":"https:\/\/busconaranjas.com\/fr\/les-services\/#breadcrumb","itemListElement":[{"@type":"ListItem","position":1,"name":"Portada","item":"https:\/\/busconaranjas.com\/fr\/debut\/"},{"@type":"ListItem","position":2,"name":"Les services"}]},{"@type":"WebSite","@id":"https:\/\/busconaranjas.com\/#website","url":"https:\/\/busconaranjas.com\/","name":"Busconaranjas","description":"El portal que facilita la compra-venta de naranjas al por mayor","publisher":{"@id":"https:\/\/busconaranjas.com\/#organization"},"potentialAction":[{"@type":"SearchAction","target":{"@type":"EntryPoint","urlTemplate":"https:\/\/busconaranjas.com\/?s={search_term_string}"},"query-input":"required name=search_term_string"}],"inLanguage":"fr-FR"},{"@type":"Organization","@id":"https:\/\/busconaranjas.com\/#organization","name":"BUSCONARANJAS","url":"https:\/\/busconaranjas.com\/","logo":{"@type":"ImageObject","inLanguage":"fr-FR","@id":"https:\/\/busconaranjas.com\/#\/schema\/logo\/image\/","url":"https:\/\/busconaranjas.com\/wp-content\/uploads\/2019\/09\/busconaranjas-hortizontal-3.png","contentUrl":"https:\/\/busconaranjas.com\/wp-content\/uploads\/2019\/09\/busconaranjas-hortizontal-3.png","width":400,"height":108,"caption":"BUSCONARANJAS"},"image":{"@id":"https:\/\/busconaranjas.com\/#\/schema\/logo\/image\/"},"sameAs":["https:\/\/www.facebook.com\/busconaranjas\/"]}]}},"_links":{"self":[{"href":"https:\/\/busconaranjas.com\/fr\/wp-json\/wp\/v2\/pages\/565"}],"collection":[{"href":"https:\/\/busconaranjas.com\/fr\/wp-json\/wp\/v2\/pages"}],"about":[{"href":"https:\/\/busconaranjas.com\/fr\/wp-json\/wp\/v2\/types\/page"}],"author":[{"embeddable":true,"href":"https:\/\/busconaranjas.com\/fr\/wp-json\/wp\/v2\/users\/1"}],"replies":[{"embeddable":true,"href":"https:\/\/busconaranjas.com\/fr\/wp-json\/wp\/v2\/comments?post=565"}],"version-history":[{"count":1,"href":"https:\/\/busconaranjas.com\/fr\/wp-json\/wp\/v2\/pages\/565\/revisions"}],"predecessor-version":[{"id":566,"href":"https:\/\/busconaranjas.com\/fr\/wp-json\/wp\/v2\/pages\/565\/revisions\/566"}],"wp:attachment":[{"href":"https:\/\/busconaranjas.com\/fr\/wp-json\/wp\/v2\/media?parent=565"}],"curies":[{"name":"wp","href":"https:\/\/api.w.org\/{rel}","templated":true}]}}