{"id":563,"date":"2019-10-09T15:36:25","date_gmt":"2019-10-09T13:36:25","guid":{"rendered":"https:\/\/busconaranjas.com\/contact\/"},"modified":"2019-11-01T09:31:11","modified_gmt":"2019-11-01T08:31:11","slug":"contact","status":"publish","type":"page","link":"https:\/\/busconaranjas.com\/fr\/contact\/","title":{"rendered":"Contact"},"content":{"rendered":"<div id='full_slider_1'  class='avia-fullwidth-slider main_color avia-shadow   avia-builder-el-0  el_before_av_one_half  avia-builder-el-first   container_wrap fullsize'  ><div   data-size='entry_without_sidebar'  data-lightbox_size='large'  data-animation='fade'  data-conditional_play=''  data-ids='308'  data-video_counter='0'  data-autoplay='false'  data-bg_slider='false'  data-slide_height=''  data-handle='av_slideshow_full'  data-interval='5'  data-class=' '  data-el_id=''  data-css_id=''  data-scroll_down=''  data-control_layout='av-control-hidden'  data-custom_markup=''  data-perma_caption=''  data-autoplay_stopper=''  data-image_attachment=''  data-min_height='0px'  data-lazy_loading='disabled'  data-src=''  data-position='top left'  data-repeat='no-repeat'  data-attach='scroll'  data-stretch=''  data-img_scrset=''  data-default-height='34.95867768595'  class='avia-slideshow avia-slideshow-1  av-control-hidden av-default-height-applied avia-slideshow-entry_without_sidebar av_slideshow_full   avia-fade-slider '  itemprop=\"image\" itemscope=\"itemscope\" itemtype=\"https:\/\/schema.org\/ImageObject\" ><ul class='avia-slideshow-inner ' style='padding-bottom: 28.925619834711%;' ><li  class=' av-single-slide slide-1 ' ><div data-rel='slideshow-1' class='avia-slide-wrap '   ><div class = \"caption_fullwidth av-slideshow-caption caption_center caption_center_framed caption_framed\"><div class = \"container caption_container\"><div class = \"slideshow_caption\"><div class = \"slideshow_inner_caption\"><div class = \"slideshow_align_caption\"><h2  style='color:#ffffff; ' class='avia-caption-title  '  itemprop=\"name\" >Contact<\/h2><\/div><\/div><\/div><\/div><\/div><img class=\"wp-image-379 avia-img-lazy-loading-not-379\"  src='https:\/\/busconaranjas.com\/wp-content\/uploads\/2019\/08\/busconaranjas-fondo1-1210x350.jpg' width='1210' height='350' title='busconaranjas-fondo1' alt=''  itemprop=\"thumbnailUrl\"   \/><\/div><\/li><\/ul><\/div><\/div><div id='after_full_slider_1'  class='main_color av_default_container_wrap container_wrap fullsize'  ><div class='container av-section-cont-open' ><div class='template-page content  av-content-full alpha units'><div class='post-entry post-entry-type-page post-entry-563'><div class='entry-content-wrapper clearfix'>\n\n<style type=\"text\/css\" data-created_by=\"avia_inline_auto\" id=\"style-css-av-1n6m2-148abb095d26ea2b5586ef657279f711\">\n.flex_column.av-1n6m2-148abb095d26ea2b5586ef657279f711{\nborder-radius:0px 0px 0px 0px;\n-webkit-border-radius:0px 0px 0px 0px;\n-moz-border-radius:0px 0px 0px 0px;\n}\n<\/style>\n<div class='flex_column av-1n6m2-148abb095d26ea2b5586ef657279f711 av_one_half  avia-builder-el-1  el_after_av_slideshow_full  el_before_av_one_half  avia-builder-el-first  first flex_column_div av-zero-column-padding '   ><p><section class=\"av_textblock_section \"  itemscope=\"itemscope\" itemtype=\"https:\/\/schema.org\/CreativeWork\" ><div class='avia_textblock  '   itemprop=\"text\" ><p>Nous sommes une jeune entreprise, moderne et adapt\u00e9e aux temps nouveaux, constitu\u00e9e d&rsquo;agronomes qui cherchent \u00e0 professionnaliser le secteur agricole.<\/p>\n<p>Notre si\u00e8ge social est situ\u00e9 \u00e0 Palma del R\u00edo, l\u2019une des principales r\u00e9f\u00e9rences de l\u2019orange dans la vall\u00e9e du Guadalquivir et en Andalousie.<\/p>\n<p>Vous pouvez nous \u00e9crire via ce formulaire de contact ou nous contacter par l\u2019une des m\u00e9thodes suivantes:<\/p>\n<\/div><\/section><br \/>\n<div  class='avia-icon-list-container av-jzrb4e5b-c0e4c6f6dae541c2e1367d3d85043a39  avia-builder-el-3  el_after_av_textblock  avia-builder-el-last  '><ul class='avia-icon-list avia_animate_when_almost_visible avia-icon-list-left av-iconlist-big av-jzrb4e5b-c0e4c6f6dae541c2e1367d3d85043a39 avia-iconlist-animate'>\n<li><div class='iconlist_icon av-nh6ww-27d3d2b6c78706064f8b6f7e51c05313 avia-font-entypo-fontello'><span class='iconlist-char ' aria-hidden='true' data-av_icon='\ue842' data-av_iconfont='entypo-fontello'><\/span><\/div><article class=\"article-icon-entry \"  itemscope=\"itemscope\" itemtype=\"https:\/\/schema.org\/CreativeWork\" ><div class='iconlist_content_wrap'><header class=\"entry-content-header\"><h4 class='av_iconlist_title iconlist_title   '  itemprop=\"headline\" >Palma del R\u00edo  <\/h4><\/header><div class='iconlist_content  '  itemprop=\"text\" ><p>Pol\u00edgono Industrial el Garrotal Oeste- Calle H- Esq. Calle M- Esq. Carretera de Fuente Palmera (A-440). C.P. 14700 C\u00f3rdoba &#8211;\u00a0Andaluc\u00eda\u00a0(Espa\u00f1a)<\/p>\n<\/div><\/div><footer class=\"entry-footer\"><\/footer><\/article><div class='iconlist-timeline'><\/div><\/li>\n<li><div class='iconlist_icon av-h65aw-b4ecad8437c84719097b77bfb5af1ef5 avia-font-entypo-fontello'><span class='iconlist-char ' aria-hidden='true' data-av_icon='\ue854' data-av_iconfont='entypo-fontello'><\/span><\/div><article class=\"article-icon-entry av-iconlist-empty\"  itemscope=\"itemscope\" itemtype=\"https:\/\/schema.org\/CreativeWork\" ><div class='iconlist_content_wrap'><header class=\"entry-content-header\"><h4 class='av_iconlist_title iconlist_title   '  itemprop=\"headline\" >(+34) 699 79 48 10<\/h4><\/header><div class='iconlist_content  '  itemprop=\"text\" ><\/div><\/div><footer class=\"entry-footer\"><\/footer><\/article><div class='iconlist-timeline'><\/div><\/li>\n<li><div class='iconlist_icon av-99uqg-7d8ac84e60c6cd18d50746bfd7de2622 avia-font-entypo-fontello'><span class='iconlist-char ' aria-hidden='true' data-av_icon='\ue805' data-av_iconfont='entypo-fontello'><\/span><\/div><article class=\"article-icon-entry av-iconlist-empty\"  itemscope=\"itemscope\" itemtype=\"https:\/\/schema.org\/CreativeWork\" ><div class='iconlist_content_wrap'><header class=\"entry-content-header\"><h4 class='av_iconlist_title iconlist_title   '  itemprop=\"headline\" >&lt;a href=&quot;mailto:info@busconaranjas.com&quot;&gt;info@busconaranjas.com&lt;\/a&gt;<\/h4><\/header><div class='iconlist_content  '  itemprop=\"text\" ><\/div><\/div><footer class=\"entry-footer\"><\/footer><\/article><div class='iconlist-timeline'><\/div><\/li>\n<\/ul><\/div><\/p><\/div>\n\n<style type=\"text\/css\" data-created_by=\"avia_inline_auto\" id=\"style-css-av-arb42-84c8fd7ce467c7f14ba9cb016c47f089\">\n.flex_column.av-arb42-84c8fd7ce467c7f14ba9cb016c47f089{\nborder-radius:0px 0px 0px 0px;\n-webkit-border-radius:0px 0px 0px 0px;\n-moz-border-radius:0px 0px 0px 0px;\n}\n<\/style>\n<div class='flex_column av-arb42-84c8fd7ce467c7f14ba9cb016c47f089 av_one_half  avia-builder-el-4  el_after_av_one_half  avia-builder-el-last  flex_column_div av-zero-column-padding '   ><form action=\"https:\/\/busconaranjas.com\/fr\/contact\/\" method=\"post\"  class=\"avia_ajax_form av-form-labels-visible   avia-builder-el-5  avia-builder-el-no-sibling   \" data-avia-form-id=\"1\" data-avia-redirect='' ><h3 class=''>Nous ecrire<\/h3><fieldset><p class='  first_form  form_element form_fullwidth' id='element_avia_1_1'><label for=\"avia_1_1\">Nom <abbr class=\"required\" title=\"requis(e)\">*<\/abbr><\/label> <input name=\"avia_1_1\" class=\"text_input is_empty\" type=\"text\" id=\"avia_1_1\" value=\"\" \/><\/p><p class='  first_form  form_element form_fullwidth' id='element_avia_2_1'><label for=\"avia_2_1\">email <abbr class=\"required\" title=\"requis(e)\">*<\/abbr><\/label> <input name=\"avia_2_1\" class=\"text_input is_email\" type=\"text\" id=\"avia_2_1\" value=\"\" \/><\/p><p class='  first_form  form_element form_fullwidth' id='element_avia_3_1'><label for=\"avia_3_1\" class=\"textare_label hidden textare_label_avia_3_1\">Message <abbr class=\"required\" title=\"requis(e)\">*<\/abbr><\/label><textarea  name=\"avia_3_1\" class=\"text_area is_empty\" cols=\"40\" rows=\"7\" id=\"avia_3_1\" ><\/textarea><\/p><p class=\"hidden\"><input type=\"text\" name=\"avia_4_1\" class=\"hidden \" id=\"avia_4_1\" value=\"\" \/><\/p><p class='av_form_privacy_check av_contact_privacy_check first_form  form_element form_fullwidth' id='element_avia_5_1'>    <input  name=\"avia_5_1\" class=\"input_checkbox is_empty\" type=\"checkbox\" id=\"avia_5_1\" value=\"true\"\/><label class=\"input_checkbox_label\" for=\"avia_5_1\">Veuillez lire et accepter la politique de confidentialit\u00e9. <abbr class=\"required\" title=\"requis(e)\">*<\/abbr><\/label><\/p><p class=\"form_element \"><input type=\"hidden\" value=\"1\" name=\"avia_generated_form1\" \/><input type=\"submit\" value=\"Envoyer\" class=\"button\"  data-sending-label=\"Envoi\"\/><\/p><\/fieldset><\/form><div id=\"ajaxresponse_1\" class=\"ajaxresponse ajaxresponse_1 hidden\"><\/div><\/div>\n","protected":false},"excerpt":{"rendered":"","protected":false},"author":1,"featured_media":0,"parent":0,"menu_order":0,"comment_status":"closed","ping_status":"closed","template":"","meta":[],"yoast_head":"<!-- This site is optimized with the Yoast SEO plugin v20.7 - https:\/\/yoast.com\/wordpress\/plugins\/seo\/ -->\n<title>Contact - Busconaranjas<\/title>\n<meta name=\"description\" content=\"Il facilite l\u2019achat et la vente d\u2019oranges pour les grossistes, les magasins de fruits, le canal HORECA, les supermarch\u00e9s. Contactez-nous. Demander un budget sans engagement\" \/>\n<meta name=\"robots\" content=\"index, follow, max-snippet:-1, max-image-preview:large, max-video-preview:-1\" \/>\n<link rel=\"canonical\" href=\"https:\/\/busconaranjas.com\/fr\/contact\/\" \/>\n<meta property=\"og:locale\" content=\"fr_FR\" \/>\n<meta property=\"og:type\" content=\"article\" \/>\n<meta property=\"og:title\" content=\"Contact - Busconaranjas\" \/>\n<meta property=\"og:description\" content=\"Il facilite l\u2019achat et la vente d\u2019oranges pour les grossistes, les magasins de fruits, le canal HORECA, les supermarch\u00e9s. Contactez-nous. Demander un budget sans engagement\" \/>\n<meta property=\"og:url\" content=\"https:\/\/busconaranjas.com\/fr\/contact\/\" \/>\n<meta property=\"og:site_name\" content=\"Busconaranjas\" \/>\n<meta property=\"article:publisher\" content=\"https:\/\/www.facebook.com\/busconaranjas\/\" \/>\n<meta property=\"article:modified_time\" content=\"2019-11-01T08:31:11+00:00\" \/>\n<meta name=\"twitter:card\" content=\"summary_large_image\" \/>\n<meta name=\"twitter:label1\" content=\"Dur\u00e9e de lecture estim\u00e9e\" \/>\n\t<meta name=\"twitter:data1\" content=\"4 minutes\" \/>\n<script type=\"application\/ld+json\" class=\"yoast-schema-graph\">{\"@context\":\"https:\/\/schema.org\",\"@graph\":[{\"@type\":\"WebPage\",\"@id\":\"https:\/\/busconaranjas.com\/fr\/contact\/\",\"url\":\"https:\/\/busconaranjas.com\/fr\/contact\/\",\"name\":\"Contact - Busconaranjas\",\"isPartOf\":{\"@id\":\"https:\/\/busconaranjas.com\/#website\"},\"datePublished\":\"2019-10-09T13:36:25+00:00\",\"dateModified\":\"2019-11-01T08:31:11+00:00\",\"description\":\"Il facilite l\u2019achat et la vente d\u2019oranges pour les grossistes, les magasins de fruits, le canal HORECA, les supermarch\u00e9s. Contactez-nous. Demander un budget sans engagement\",\"breadcrumb\":{\"@id\":\"https:\/\/busconaranjas.com\/fr\/contact\/#breadcrumb\"},\"inLanguage\":\"fr-FR\",\"potentialAction\":[{\"@type\":\"ReadAction\",\"target\":[\"https:\/\/busconaranjas.com\/fr\/contact\/\"]}]},{\"@type\":\"BreadcrumbList\",\"@id\":\"https:\/\/busconaranjas.com\/fr\/contact\/#breadcrumb\",\"itemListElement\":[{\"@type\":\"ListItem\",\"position\":1,\"name\":\"Portada\",\"item\":\"https:\/\/busconaranjas.com\/fr\/debut\/\"},{\"@type\":\"ListItem\",\"position\":2,\"name\":\"Contact\"}]},{\"@type\":\"WebSite\",\"@id\":\"https:\/\/busconaranjas.com\/#website\",\"url\":\"https:\/\/busconaranjas.com\/\",\"name\":\"Busconaranjas\",\"description\":\"El portal que facilita la compra-venta de naranjas al por mayor\",\"publisher\":{\"@id\":\"https:\/\/busconaranjas.com\/#organization\"},\"potentialAction\":[{\"@type\":\"SearchAction\",\"target\":{\"@type\":\"EntryPoint\",\"urlTemplate\":\"https:\/\/busconaranjas.com\/?s={search_term_string}\"},\"query-input\":\"required name=search_term_string\"}],\"inLanguage\":\"fr-FR\"},{\"@type\":\"Organization\",\"@id\":\"https:\/\/busconaranjas.com\/#organization\",\"name\":\"BUSCONARANJAS\",\"url\":\"https:\/\/busconaranjas.com\/\",\"logo\":{\"@type\":\"ImageObject\",\"inLanguage\":\"fr-FR\",\"@id\":\"https:\/\/busconaranjas.com\/#\/schema\/logo\/image\/\",\"url\":\"https:\/\/busconaranjas.com\/wp-content\/uploads\/2019\/09\/busconaranjas-hortizontal-3.png\",\"contentUrl\":\"https:\/\/busconaranjas.com\/wp-content\/uploads\/2019\/09\/busconaranjas-hortizontal-3.png\",\"width\":400,\"height\":108,\"caption\":\"BUSCONARANJAS\"},\"image\":{\"@id\":\"https:\/\/busconaranjas.com\/#\/schema\/logo\/image\/\"},\"sameAs\":[\"https:\/\/www.facebook.com\/busconaranjas\/\"]}]}<\/script>\n<!-- \/ Yoast SEO plugin. -->","yoast_head_json":{"title":"Contact - Busconaranjas","description":"Il facilite l\u2019achat et la vente d\u2019oranges pour les grossistes, les magasins de fruits, le canal HORECA, les supermarch\u00e9s. Contactez-nous. Demander un budget sans engagement","robots":{"index":"index","follow":"follow","max-snippet":"max-snippet:-1","max-image-preview":"max-image-preview:large","max-video-preview":"max-video-preview:-1"},"canonical":"https:\/\/busconaranjas.com\/fr\/contact\/","og_locale":"fr_FR","og_type":"article","og_title":"Contact - Busconaranjas","og_description":"Il facilite l\u2019achat et la vente d\u2019oranges pour les grossistes, les magasins de fruits, le canal HORECA, les supermarch\u00e9s. Contactez-nous. Demander un budget sans engagement","og_url":"https:\/\/busconaranjas.com\/fr\/contact\/","og_site_name":"Busconaranjas","article_publisher":"https:\/\/www.facebook.com\/busconaranjas\/","article_modified_time":"2019-11-01T08:31:11+00:00","twitter_card":"summary_large_image","twitter_misc":{"Dur\u00e9e de lecture estim\u00e9e":"4 minutes"},"schema":{"@context":"https:\/\/schema.org","@graph":[{"@type":"WebPage","@id":"https:\/\/busconaranjas.com\/fr\/contact\/","url":"https:\/\/busconaranjas.com\/fr\/contact\/","name":"Contact - Busconaranjas","isPartOf":{"@id":"https:\/\/busconaranjas.com\/#website"},"datePublished":"2019-10-09T13:36:25+00:00","dateModified":"2019-11-01T08:31:11+00:00","description":"Il facilite l\u2019achat et la vente d\u2019oranges pour les grossistes, les magasins de fruits, le canal HORECA, les supermarch\u00e9s. Contactez-nous. Demander un budget sans engagement","breadcrumb":{"@id":"https:\/\/busconaranjas.com\/fr\/contact\/#breadcrumb"},"inLanguage":"fr-FR","potentialAction":[{"@type":"ReadAction","target":["https:\/\/busconaranjas.com\/fr\/contact\/"]}]},{"@type":"BreadcrumbList","@id":"https:\/\/busconaranjas.com\/fr\/contact\/#breadcrumb","itemListElement":[{"@type":"ListItem","position":1,"name":"Portada","item":"https:\/\/busconaranjas.com\/fr\/debut\/"},{"@type":"ListItem","position":2,"name":"Contact"}]},{"@type":"WebSite","@id":"https:\/\/busconaranjas.com\/#website","url":"https:\/\/busconaranjas.com\/","name":"Busconaranjas","description":"El portal que facilita la compra-venta de naranjas al por mayor","publisher":{"@id":"https:\/\/busconaranjas.com\/#organization"},"potentialAction":[{"@type":"SearchAction","target":{"@type":"EntryPoint","urlTemplate":"https:\/\/busconaranjas.com\/?s={search_term_string}"},"query-input":"required name=search_term_string"}],"inLanguage":"fr-FR"},{"@type":"Organization","@id":"https:\/\/busconaranjas.com\/#organization","name":"BUSCONARANJAS","url":"https:\/\/busconaranjas.com\/","logo":{"@type":"ImageObject","inLanguage":"fr-FR","@id":"https:\/\/busconaranjas.com\/#\/schema\/logo\/image\/","url":"https:\/\/busconaranjas.com\/wp-content\/uploads\/2019\/09\/busconaranjas-hortizontal-3.png","contentUrl":"https:\/\/busconaranjas.com\/wp-content\/uploads\/2019\/09\/busconaranjas-hortizontal-3.png","width":400,"height":108,"caption":"BUSCONARANJAS"},"image":{"@id":"https:\/\/busconaranjas.com\/#\/schema\/logo\/image\/"},"sameAs":["https:\/\/www.facebook.com\/busconaranjas\/"]}]}},"_links":{"self":[{"href":"https:\/\/busconaranjas.com\/fr\/wp-json\/wp\/v2\/pages\/563"}],"collection":[{"href":"https:\/\/busconaranjas.com\/fr\/wp-json\/wp\/v2\/pages"}],"about":[{"href":"https:\/\/busconaranjas.com\/fr\/wp-json\/wp\/v2\/types\/page"}],"author":[{"embeddable":true,"href":"https:\/\/busconaranjas.com\/fr\/wp-json\/wp\/v2\/users\/1"}],"replies":[{"embeddable":true,"href":"https:\/\/busconaranjas.com\/fr\/wp-json\/wp\/v2\/comments?post=563"}],"version-history":[{"count":4,"href":"https:\/\/busconaranjas.com\/fr\/wp-json\/wp\/v2\/pages\/563\/revisions"}],"predecessor-version":[{"id":647,"href":"https:\/\/busconaranjas.com\/fr\/wp-json\/wp\/v2\/pages\/563\/revisions\/647"}],"wp:attachment":[{"href":"https:\/\/busconaranjas.com\/fr\/wp-json\/wp\/v2\/media?parent=563"}],"curies":[{"name":"wp","href":"https:\/\/api.w.org\/{rel}","templated":true}]}}