{"id":542,"date":"2019-09-07T19:23:05","date_gmt":"2019-09-07T17:23:05","guid":{"rendered":"https:\/\/busconaranjas.com\/debut\/"},"modified":"2019-11-01T09:31:11","modified_gmt":"2019-11-01T08:31:11","slug":"debut","status":"publish","type":"page","link":"https:\/\/busconaranjas.com\/fr\/","title":{"rendered":"D\u00e9but"},"content":{"rendered":"<div id='home-wallpaper'  class='av-layout-grid-container entry-content-wrapper main_color av-flex-cells     avia-builder-el-0  avia-builder-el-no-sibling  av-cell-min-height av-cell-min-height-100 container_wrap fullsize'   data-av_minimum_height_pc='100'>\n<div class=\"flex_cell no_margin av_one_half  avia-builder-el-1  el_before_av_cell_one_half  avia-builder-el-first   avia-full-stretch \"  style='background:url(https:\/\/busconaranjas.com\/wp-content\/uploads\/2019\/08\/busconaranjas-fondo-half2.jpg) center center no-repeat scroll; vertical-align:middle; padding:100px; ' ><div class='flex_cell_inner' ><p>\n<style type=\"text\/css\" data-created_by=\"avia_inline_auto\" id=\"style-css-av-k043w92u-0aef05b89a6f026b933d4d6c7cdc113a\">\n#top .av-special-heading.av-k043w92u-0aef05b89a6f026b933d4d6c7cdc113a{\npadding-bottom:10px;\ncolor:#ffffff;\nfont-size:60px;\n}\n.av-special-heading.av-k043w92u-0aef05b89a6f026b933d4d6c7cdc113a .special-heading-inner-border{\nborder-color:#ffffff;\n}\n<\/style>\n<div  class='av-special-heading av-k043w92u-0aef05b89a6f026b933d4d6c7cdc113a av-special-heading-h1 custom-color-heading blockquote modern-quote modern-centered  avia-builder-el-2  el_before_av_button  avia-builder-el-first  av-inherit-size '><h1 class='av-special-heading-tag '  itemprop=\"headline\"  > \u00cates-vous un grossiste<\/h1><div class='special-heading-border'><div class='special-heading-inner-border'><\/div><\/div><\/div><br \/>\n<div  class='avia-button-wrap avia-button-center  avia-builder-el-3  el_after_av_heading  avia-builder-el-last ' >\n<style type=\"text\/css\" data-created_by=\"avia_inline_auto\" id=\"style-css-av-jyujnb66-332ffcd7803a1b169899f0f750076e2b\">\n#top #wrap_all .avia-button.av-jyujnb66-332ffcd7803a1b169899f0f750076e2b{\nbackground-color:#ffffff;\nborder-color:#ffffff;\ncolor:#edae44;\ntransition:all 0.4s ease-in-out;\n-webkit-transition:all 0.4s ease-in-out;\n-moz-transition:all 0.4s ease-in-out;\n-ms-transition:all 0.4s ease-in-out;\n-o-transition:all 0.4s ease-in-out;\n}\n<\/style>\n<a href='https:\/\/busconaranjas.com\/fr\/voulez-vous-acheter-des-oranges-en-gros\/'  class='avia-button av-jyujnb66-332ffcd7803a1b169899f0f750076e2b avia-icon_select-no avia-size-x-large avia-position-center ' ><span class='avia_iconbox_title' > Ici vous pouvez ACHETER<\/span><\/a><\/div><\/p>\n<\/div><\/div><div class=\"flex_cell no_margin av_one_half  avia-builder-el-4  el_after_av_cell_one_half  avia-builder-el-last   avia-full-stretch \"  style='background:url(https:\/\/busconaranjas.com\/wp-content\/uploads\/2019\/08\/busconaranjas-fondo-half1.jpg) center center no-repeat scroll; vertical-align:middle; padding:100px; ' ><div class='flex_cell_inner' ><p>\n<style type=\"text\/css\" data-created_by=\"avia_inline_auto\" id=\"style-css-av-k043xaac-170dae13064b8932783f1189ad4ffb26\">\n#top .av-special-heading.av-k043xaac-170dae13064b8932783f1189ad4ffb26{\npadding-bottom:10px;\ncolor:#ffffff;\nfont-size:60px;\n}\n.av-special-heading.av-k043xaac-170dae13064b8932783f1189ad4ffb26 .special-heading-inner-border{\nborder-color:#ffffff;\n}\n<\/style>\n<div  class='av-special-heading av-k043xaac-170dae13064b8932783f1189ad4ffb26 av-special-heading-h1 custom-color-heading blockquote modern-quote modern-centered  avia-builder-el-5  el_before_av_button  avia-builder-el-first  av-inherit-size '><h1 class='av-special-heading-tag '  itemprop=\"headline\"  > \u00cates-vous un agriculteur<\/h1><div class='special-heading-border'><div class='special-heading-inner-border'><\/div><\/div><\/div><br \/>\n<div  class='avia-button-wrap avia-button-center  avia-builder-el-6  el_after_av_heading  avia-builder-el-last ' >\n<style type=\"text\/css\" data-created_by=\"avia_inline_auto\" id=\"style-css-av-jyujnb66-88bb4158aee3bcb462251614952f1254\">\n#top #wrap_all .avia-button.av-jyujnb66-88bb4158aee3bcb462251614952f1254{\nbackground-color:#ffffff;\nborder-color:#ffffff;\ncolor:#83a846;\ntransition:all 0.4s ease-in-out;\n-webkit-transition:all 0.4s ease-in-out;\n-moz-transition:all 0.4s ease-in-out;\n-ms-transition:all 0.4s ease-in-out;\n-o-transition:all 0.4s ease-in-out;\n}\n<\/style>\n<a href='https:\/\/busconaranjas.com\/fr\/como-se-pronuncia-voulez-vous-vendre-vos-oranges\/'  class='avia-button av-jyujnb66-88bb4158aee3bcb462251614952f1254 avia-icon_select-no avia-size-x-large avia-position-center ' ><span class='avia_iconbox_title' >Ici vous pouvez VENDRE<\/span><\/a><\/div><\/p>\n<\/div><\/div><\/div>\n","protected":false},"excerpt":{"rendered":"","protected":false},"author":1,"featured_media":0,"parent":0,"menu_order":0,"comment_status":"closed","ping_status":"closed","template":"","meta":[],"yoast_head":"<!-- This site is optimized with the Yoast SEO plugin v20.7 - https:\/\/yoast.com\/wordpress\/plugins\/seo\/ -->\n<title>D\u00e9but - Busconaranjas<\/title>\n<meta name=\"description\" content=\"Nous facilitons l&#039;achat ou la vente d&#039;oranges en vrac. Si vous \u00eates un grossiste ou un agriculteur, nous vous proposons la meilleure fa\u00e7on d&#039;acheter ou de vendre des oranges.\" \/>\n<meta name=\"robots\" content=\"index, follow, max-snippet:-1, max-image-preview:large, max-video-preview:-1\" \/>\n<link rel=\"canonical\" href=\"https:\/\/busconaranjas.com\/fr\/debut\/\" \/>\n<meta property=\"og:locale\" content=\"fr_FR\" \/>\n<meta property=\"og:type\" content=\"article\" \/>\n<meta property=\"og:title\" content=\"D\u00e9but - Busconaranjas\" \/>\n<meta property=\"og:description\" content=\"Nous facilitons l&#039;achat ou la vente d&#039;oranges en vrac. Si vous \u00eates un grossiste ou un agriculteur, nous vous proposons la meilleure fa\u00e7on d&#039;acheter ou de vendre des oranges.\" \/>\n<meta property=\"og:url\" content=\"https:\/\/busconaranjas.com\/fr\/debut\/\" \/>\n<meta property=\"og:site_name\" content=\"Busconaranjas\" \/>\n<meta property=\"article:publisher\" content=\"https:\/\/www.facebook.com\/busconaranjas\/\" \/>\n<meta property=\"article:modified_time\" content=\"2019-11-01T08:31:11+00:00\" \/>\n<meta name=\"twitter:card\" content=\"summary_large_image\" \/>\n<meta name=\"twitter:label1\" content=\"Dur\u00e9e de lecture estim\u00e9e\" \/>\n\t<meta name=\"twitter:data1\" content=\"2 minutes\" \/>\n<script type=\"application\/ld+json\" class=\"yoast-schema-graph\">{\"@context\":\"https:\/\/schema.org\",\"@graph\":[{\"@type\":\"WebPage\",\"@id\":\"https:\/\/busconaranjas.com\/fr\/debut\/\",\"url\":\"https:\/\/busconaranjas.com\/fr\/debut\/\",\"name\":\"D\u00e9but - Busconaranjas\",\"isPartOf\":{\"@id\":\"https:\/\/busconaranjas.com\/#website\"},\"datePublished\":\"2019-09-07T17:23:05+00:00\",\"dateModified\":\"2019-11-01T08:31:11+00:00\",\"description\":\"Nous facilitons l'achat ou la vente d'oranges en vrac. Si vous \u00eates un grossiste ou un agriculteur, nous vous proposons la meilleure fa\u00e7on d'acheter ou de vendre des oranges.\",\"breadcrumb\":{\"@id\":\"https:\/\/busconaranjas.com\/fr\/debut\/#breadcrumb\"},\"inLanguage\":\"fr-FR\",\"potentialAction\":[{\"@type\":\"ReadAction\",\"target\":[\"https:\/\/busconaranjas.com\/fr\/debut\/\"]}]},{\"@type\":\"BreadcrumbList\",\"@id\":\"https:\/\/busconaranjas.com\/fr\/debut\/#breadcrumb\",\"itemListElement\":[{\"@type\":\"ListItem\",\"position\":1,\"name\":\"Portada\",\"item\":\"https:\/\/busconaranjas.com\/fr\/debut\/\"},{\"@type\":\"ListItem\",\"position\":2,\"name\":\"D\u00e9but\"}]},{\"@type\":\"WebSite\",\"@id\":\"https:\/\/busconaranjas.com\/#website\",\"url\":\"https:\/\/busconaranjas.com\/\",\"name\":\"Busconaranjas\",\"description\":\"El portal que facilita la compra-venta de naranjas al por mayor\",\"publisher\":{\"@id\":\"https:\/\/busconaranjas.com\/#organization\"},\"potentialAction\":[{\"@type\":\"SearchAction\",\"target\":{\"@type\":\"EntryPoint\",\"urlTemplate\":\"https:\/\/busconaranjas.com\/?s={search_term_string}\"},\"query-input\":\"required name=search_term_string\"}],\"inLanguage\":\"fr-FR\"},{\"@type\":\"Organization\",\"@id\":\"https:\/\/busconaranjas.com\/#organization\",\"name\":\"BUSCONARANJAS\",\"url\":\"https:\/\/busconaranjas.com\/\",\"logo\":{\"@type\":\"ImageObject\",\"inLanguage\":\"fr-FR\",\"@id\":\"https:\/\/busconaranjas.com\/#\/schema\/logo\/image\/\",\"url\":\"https:\/\/busconaranjas.com\/wp-content\/uploads\/2019\/09\/busconaranjas-hortizontal-3.png\",\"contentUrl\":\"https:\/\/busconaranjas.com\/wp-content\/uploads\/2019\/09\/busconaranjas-hortizontal-3.png\",\"width\":400,\"height\":108,\"caption\":\"BUSCONARANJAS\"},\"image\":{\"@id\":\"https:\/\/busconaranjas.com\/#\/schema\/logo\/image\/\"},\"sameAs\":[\"https:\/\/www.facebook.com\/busconaranjas\/\"]}]}<\/script>\n<!-- \/ Yoast SEO plugin. -->","yoast_head_json":{"title":"D\u00e9but - Busconaranjas","description":"Nous facilitons l'achat ou la vente d'oranges en vrac. Si vous \u00eates un grossiste ou un agriculteur, nous vous proposons la meilleure fa\u00e7on d'acheter ou de vendre des oranges.","robots":{"index":"index","follow":"follow","max-snippet":"max-snippet:-1","max-image-preview":"max-image-preview:large","max-video-preview":"max-video-preview:-1"},"canonical":"https:\/\/busconaranjas.com\/fr\/debut\/","og_locale":"fr_FR","og_type":"article","og_title":"D\u00e9but - Busconaranjas","og_description":"Nous facilitons l'achat ou la vente d'oranges en vrac. Si vous \u00eates un grossiste ou un agriculteur, nous vous proposons la meilleure fa\u00e7on d'acheter ou de vendre des oranges.","og_url":"https:\/\/busconaranjas.com\/fr\/debut\/","og_site_name":"Busconaranjas","article_publisher":"https:\/\/www.facebook.com\/busconaranjas\/","article_modified_time":"2019-11-01T08:31:11+00:00","twitter_card":"summary_large_image","twitter_misc":{"Dur\u00e9e de lecture estim\u00e9e":"2 minutes"},"schema":{"@context":"https:\/\/schema.org","@graph":[{"@type":"WebPage","@id":"https:\/\/busconaranjas.com\/fr\/debut\/","url":"https:\/\/busconaranjas.com\/fr\/debut\/","name":"D\u00e9but - Busconaranjas","isPartOf":{"@id":"https:\/\/busconaranjas.com\/#website"},"datePublished":"2019-09-07T17:23:05+00:00","dateModified":"2019-11-01T08:31:11+00:00","description":"Nous facilitons l'achat ou la vente d'oranges en vrac. Si vous \u00eates un grossiste ou un agriculteur, nous vous proposons la meilleure fa\u00e7on d'acheter ou de vendre des oranges.","breadcrumb":{"@id":"https:\/\/busconaranjas.com\/fr\/debut\/#breadcrumb"},"inLanguage":"fr-FR","potentialAction":[{"@type":"ReadAction","target":["https:\/\/busconaranjas.com\/fr\/debut\/"]}]},{"@type":"BreadcrumbList","@id":"https:\/\/busconaranjas.com\/fr\/debut\/#breadcrumb","itemListElement":[{"@type":"ListItem","position":1,"name":"Portada","item":"https:\/\/busconaranjas.com\/fr\/debut\/"},{"@type":"ListItem","position":2,"name":"D\u00e9but"}]},{"@type":"WebSite","@id":"https:\/\/busconaranjas.com\/#website","url":"https:\/\/busconaranjas.com\/","name":"Busconaranjas","description":"El portal que facilita la compra-venta de naranjas al por mayor","publisher":{"@id":"https:\/\/busconaranjas.com\/#organization"},"potentialAction":[{"@type":"SearchAction","target":{"@type":"EntryPoint","urlTemplate":"https:\/\/busconaranjas.com\/?s={search_term_string}"},"query-input":"required name=search_term_string"}],"inLanguage":"fr-FR"},{"@type":"Organization","@id":"https:\/\/busconaranjas.com\/#organization","name":"BUSCONARANJAS","url":"https:\/\/busconaranjas.com\/","logo":{"@type":"ImageObject","inLanguage":"fr-FR","@id":"https:\/\/busconaranjas.com\/#\/schema\/logo\/image\/","url":"https:\/\/busconaranjas.com\/wp-content\/uploads\/2019\/09\/busconaranjas-hortizontal-3.png","contentUrl":"https:\/\/busconaranjas.com\/wp-content\/uploads\/2019\/09\/busconaranjas-hortizontal-3.png","width":400,"height":108,"caption":"BUSCONARANJAS"},"image":{"@id":"https:\/\/busconaranjas.com\/#\/schema\/logo\/image\/"},"sameAs":["https:\/\/www.facebook.com\/busconaranjas\/"]}]}},"_links":{"self":[{"href":"https:\/\/busconaranjas.com\/fr\/wp-json\/wp\/v2\/pages\/542"}],"collection":[{"href":"https:\/\/busconaranjas.com\/fr\/wp-json\/wp\/v2\/pages"}],"about":[{"href":"https:\/\/busconaranjas.com\/fr\/wp-json\/wp\/v2\/types\/page"}],"author":[{"embeddable":true,"href":"https:\/\/busconaranjas.com\/fr\/wp-json\/wp\/v2\/users\/1"}],"replies":[{"embeddable":true,"href":"https:\/\/busconaranjas.com\/fr\/wp-json\/wp\/v2\/comments?post=542"}],"version-history":[{"count":2,"href":"https:\/\/busconaranjas.com\/fr\/wp-json\/wp\/v2\/pages\/542\/revisions"}],"predecessor-version":[{"id":644,"href":"https:\/\/busconaranjas.com\/fr\/wp-json\/wp\/v2\/pages\/542\/revisions\/644"}],"wp:attachment":[{"href":"https:\/\/busconaranjas.com\/fr\/wp-json\/wp\/v2\/media?parent=542"}],"curies":[{"name":"wp","href":"https:\/\/api.w.org\/{rel}","templated":true}]}}